{"id":21468,"date":"2023-03-21T09:28:17","date_gmt":"2023-03-21T09:28:17","guid":{"rendered":"https:\/\/toolhub.es\/producto\/limpiador-de-bornes-de-baterias\/"},"modified":"2024-12-26T09:48:43","modified_gmt":"2024-12-26T09:48:43","slug":"limpiador-de-bornes-de-baterias","status":"publish","type":"product","link":"https:\/\/toolhub.es\/en\/producto\/limpiador-de-bornes-de-baterias\/","title":{"rendered":"LIMPIADOR DE BORNES DE BATERIAS"},"content":{"rendered":"","protected":false},"excerpt":{"rendered":"<p>\u0095 Escariador y raspador de terminales de bater\u00eda<br \/>\n\u0095 Elimina la corrosi\u00f3n acumulada en los terminales de la bater\u00eda, lo cual mejora el contacto el\u00e9ctrico de los terminales.<\/p>\n","protected":false},"featured_media":25985,"template":"","meta":[],"product_cat":[277],"product_tag":[],"acf":[],"aioseo_notices":[],"_links":{"self":[{"href":"https:\/\/toolhub.es\/en\/wp-json\/wp\/v2\/product\/21468"}],"collection":[{"href":"https:\/\/toolhub.es\/en\/wp-json\/wp\/v2\/product"}],"about":[{"href":"https:\/\/toolhub.es\/en\/wp-json\/wp\/v2\/types\/product"}],"wp:featuredmedia":[{"embeddable":true,"href":"https:\/\/toolhub.es\/en\/wp-json\/wp\/v2\/media\/25985"}],"wp:attachment":[{"href":"https:\/\/toolhub.es\/en\/wp-json\/wp\/v2\/media?parent=21468"}],"wp:term":[{"taxonomy":"product_cat","embeddable":true,"href":"https:\/\/toolhub.es\/en\/wp-json\/wp\/v2\/product_cat?post=21468"},{"taxonomy":"product_tag","embeddable":true,"href":"https:\/\/toolhub.es\/en\/wp-json\/wp\/v2\/product_tag?post=21468"}],"curies":[{"name":"wp","href":"https:\/\/api.w.org\/{rel}","templated":true}]}}