{"id":21471,"date":"2023-03-21T09:28:17","date_gmt":"2023-03-21T09:28:17","guid":{"rendered":"https:\/\/toolhub.es\/producto\/juego-de-llaves-torx-extralarga-magnetica-9-pzs\/"},"modified":"2024-12-26T09:48:46","modified_gmt":"2024-12-26T09:48:46","slug":"juego-de-llaves-torx-extralarga-magnetica-9-pzs","status":"publish","type":"product","link":"https:\/\/toolhub.es\/en\/producto\/juego-de-llaves-torx-extralarga-magnetica-9-pzs\/","title":{"rendered":"EXTRA LONG MAGNETIC  TORX KEY SET &#8211; 9PCS"},"content":{"rendered":"","protected":false},"excerpt":{"rendered":"<p>\u0095 Fabricadas de acero cromo vanadio, endurecidos y templados.<br \/>\n\u0095 Punta imantada para facilitar la colocaci\u00f3n de la llave y extracci\u00f3n de la fijaci\u00f3n<\/p>\n<p><strong>Composici\u00f3n<\/strong><br \/>\n<strong>Torx <\/strong>T10, T15, T20, T25, T27, T30, T40, T45, T50.<\/p>\n<p><strong>Medidas<\/strong>:<br \/>\nLargo: 90 &#8211; 230mm.<\/p>\n","protected":false},"featured_media":25988,"template":"","meta":[],"product_cat":[231],"product_tag":[],"acf":[],"aioseo_notices":[],"_links":{"self":[{"href":"https:\/\/toolhub.es\/en\/wp-json\/wp\/v2\/product\/21471"}],"collection":[{"href":"https:\/\/toolhub.es\/en\/wp-json\/wp\/v2\/product"}],"about":[{"href":"https:\/\/toolhub.es\/en\/wp-json\/wp\/v2\/types\/product"}],"wp:featuredmedia":[{"embeddable":true,"href":"https:\/\/toolhub.es\/en\/wp-json\/wp\/v2\/media\/25988"}],"wp:attachment":[{"href":"https:\/\/toolhub.es\/en\/wp-json\/wp\/v2\/media?parent=21471"}],"wp:term":[{"taxonomy":"product_cat","embeddable":true,"href":"https:\/\/toolhub.es\/en\/wp-json\/wp\/v2\/product_cat?post=21471"},{"taxonomy":"product_tag","embeddable":true,"href":"https:\/\/toolhub.es\/en\/wp-json\/wp\/v2\/product_tag?post=21471"}],"curies":[{"name":"wp","href":"https:\/\/api.w.org\/{rel}","templated":true}]}}