{"id":21485,"date":"2023-03-21T09:28:17","date_gmt":"2023-03-21T09:28:17","guid":{"rendered":"https:\/\/toolhub.es\/producto\/juego-de-llaves-para-terminales-23-pzs\/"},"modified":"2024-12-26T09:49:03","modified_gmt":"2024-12-26T09:49:03","slug":"juego-de-llaves-para-terminales-23-pzs","status":"publish","type":"product","link":"https:\/\/toolhub.es\/en\/producto\/juego-de-llaves-para-terminales-23-pzs\/","title":{"rendered":"TERMINAL RELEASE TOOL SET &#8211; 23 PCS"},"content":{"rendered":"","protected":false},"excerpt":{"rendered":"<p>\u0095 Juego de 23 extractores para terminales electricos.<br \/>\n\u0095 Cada herramienta tiene una punta especialmente dise\u00f1ada para presionar el conector y la leng\u00fceta de fijaci\u00f3n que asegura el terminal.<\/p>\n<p><strong>Aplicaciones<\/strong>:<br \/>\nMercedes, Ford, Bmw Toyota, Opel, Honda, Vw, Citroen, Audi, Chrysler, Jaguar, Fiat, Porsche, Mazda, Saab, Mitsubishi, Seat, Renault y Skoda<\/p>\n","protected":false},"featured_media":26002,"template":"","meta":[],"product_cat":[231,277],"product_tag":[],"acf":[],"aioseo_notices":[],"_links":{"self":[{"href":"https:\/\/toolhub.es\/en\/wp-json\/wp\/v2\/product\/21485"}],"collection":[{"href":"https:\/\/toolhub.es\/en\/wp-json\/wp\/v2\/product"}],"about":[{"href":"https:\/\/toolhub.es\/en\/wp-json\/wp\/v2\/types\/product"}],"wp:featuredmedia":[{"embeddable":true,"href":"https:\/\/toolhub.es\/en\/wp-json\/wp\/v2\/media\/26002"}],"wp:attachment":[{"href":"https:\/\/toolhub.es\/en\/wp-json\/wp\/v2\/media?parent=21485"}],"wp:term":[{"taxonomy":"product_cat","embeddable":true,"href":"https:\/\/toolhub.es\/en\/wp-json\/wp\/v2\/product_cat?post=21485"},{"taxonomy":"product_tag","embeddable":true,"href":"https:\/\/toolhub.es\/en\/wp-json\/wp\/v2\/product_tag?post=21485"}],"curies":[{"name":"wp","href":"https:\/\/api.w.org\/{rel}","templated":true}]}}