{"id":21497,"date":"2023-03-21T09:28:35","date_gmt":"2023-03-21T09:28:35","guid":{"rendered":"https:\/\/toolhub.es\/producto\/bloqueador-de-valvula-de-descarga-del-turbo-vag-1-8-2-0-tfsi\/"},"modified":"2024-12-26T09:49:18","modified_gmt":"2024-12-26T09:49:18","slug":"bloqueador-de-valvula-de-descarga-del-turbo-vag-1-8-2-0-tfsi","status":"publish","type":"product","link":"https:\/\/toolhub.es\/en\/producto\/bloqueador-de-valvula-de-descarga-del-turbo-vag-1-8-2-0-tfsi\/","title":{"rendered":"WASTEGATE SETTING GUAGE &#8211; VAG 1.8 \/ 2.0 TFSI"},"content":{"rendered":"","protected":false},"excerpt":{"rendered":"<p>Para el bloqueo de la v\u00e1lvula de descarga del turbo (wastegate)<br \/>\nIdeal para realizar trabajos de ajuste sobre el actuador el\u00e9ctrico de presi\u00f3n de sobrealimentaci\u00f3n del turbo compresor.<br \/>\nPara motores 4 cilindros 1.8L y 2.0L 4V TFSI inyecci\u00f3n directa (generaci\u00f3n III ) .<\/p>\n[supsystic-tables id=599]\n","protected":false},"featured_media":26014,"template":"","meta":[],"product_cat":[259],"product_tag":[],"acf":[],"aioseo_notices":[],"_links":{"self":[{"href":"https:\/\/toolhub.es\/en\/wp-json\/wp\/v2\/product\/21497"}],"collection":[{"href":"https:\/\/toolhub.es\/en\/wp-json\/wp\/v2\/product"}],"about":[{"href":"https:\/\/toolhub.es\/en\/wp-json\/wp\/v2\/types\/product"}],"wp:featuredmedia":[{"embeddable":true,"href":"https:\/\/toolhub.es\/en\/wp-json\/wp\/v2\/media\/26014"}],"wp:attachment":[{"href":"https:\/\/toolhub.es\/en\/wp-json\/wp\/v2\/media?parent=21497"}],"wp:term":[{"taxonomy":"product_cat","embeddable":true,"href":"https:\/\/toolhub.es\/en\/wp-json\/wp\/v2\/product_cat?post=21497"},{"taxonomy":"product_tag","embeddable":true,"href":"https:\/\/toolhub.es\/en\/wp-json\/wp\/v2\/product_tag?post=21497"}],"curies":[{"name":"wp","href":"https:\/\/api.w.org\/{rel}","templated":true}]}}