{"id":21518,"date":"2023-03-21T09:28:52","date_gmt":"2023-03-21T09:28:52","guid":{"rendered":"https:\/\/toolhub.es\/producto\/comprobador-de-presion-vacio\/"},"modified":"2024-12-26T09:49:46","modified_gmt":"2024-12-26T09:49:46","slug":"comprobador-de-presion-vacio","status":"publish","type":"product","link":"https:\/\/toolhub.es\/en\/producto\/comprobador-de-presion-vacio\/","title":{"rendered":"VACUUM &#038; PRESSURE TEST \/ BRAKE BLEED SET"},"content":{"rendered":"","protected":false},"excerpt":{"rendered":"<p>Adecuado para el control de los sistemas de presi\u00f3n y de vac\u00edo como la presi\u00f3n de sobrealimentaci\u00f3n, electrov\u00e1lvulas de vac\u00edo, rejillas de ventilaci\u00f3n del tanque, sensores MAP, etc.<\/p>\n<p>\u0095 Tambi\u00e9n apropiado para el sangrado de frenos.<br \/>\n\u0095 Indicador de presi\u00f3n \/ vac\u00edo 63,5 mm.<br \/>\n\u0095 Rango de indicador de presi\u00f3n: 0 a 3 bar.<br \/>\n\u0095 Rango de indicador de vac\u00edo: 0 a -1 bar.<\/p>\n","protected":false},"featured_media":26036,"template":"","meta":[],"product_cat":[259],"product_tag":[],"acf":[],"aioseo_notices":[],"_links":{"self":[{"href":"https:\/\/toolhub.es\/en\/wp-json\/wp\/v2\/product\/21518"}],"collection":[{"href":"https:\/\/toolhub.es\/en\/wp-json\/wp\/v2\/product"}],"about":[{"href":"https:\/\/toolhub.es\/en\/wp-json\/wp\/v2\/types\/product"}],"wp:featuredmedia":[{"embeddable":true,"href":"https:\/\/toolhub.es\/en\/wp-json\/wp\/v2\/media\/26036"}],"wp:attachment":[{"href":"https:\/\/toolhub.es\/en\/wp-json\/wp\/v2\/media?parent=21518"}],"wp:term":[{"taxonomy":"product_cat","embeddable":true,"href":"https:\/\/toolhub.es\/en\/wp-json\/wp\/v2\/product_cat?post=21518"},{"taxonomy":"product_tag","embeddable":true,"href":"https:\/\/toolhub.es\/en\/wp-json\/wp\/v2\/product_tag?post=21518"}],"curies":[{"name":"wp","href":"https:\/\/api.w.org\/{rel}","templated":true}]}}