{"id":21543,"date":"2023-03-21T09:29:11","date_gmt":"2023-03-21T09:29:11","guid":{"rendered":"https:\/\/toolhub.es\/producto\/herramientas-de-reglaje-para-motores-vag\/"},"modified":"2026-01-13T08:59:53","modified_gmt":"2026-01-13T08:59:53","slug":"herramientas-de-reglaje-para-motores-vag","status":"publish","type":"product","link":"https:\/\/toolhub.es\/en\/producto\/herramientas-de-reglaje-para-motores-vag\/","title":{"rendered":"DIESEL ENGINE TIMING SET &#8211; VW 4.9TDI PD"},"content":{"rendered":"","protected":false},"excerpt":{"rendered":"<p>Conjunto de herramientas especificas para el motor 4.9 TDI PD utilizado en los modelos Volkswagen Phaeton y Touareg. Contiene un bloqueador de cig\u00fce\u00f1al y pasadores de gu\u00eda<br \/>\npara los engranajes.<br \/>\nSe utiliza juntamente con Toolhub Ref <a href=\"https:\/\/toolhub.es\/producto\/conjunto-de-reglajes-para-motores-vag\/\" title=\"Ref.9154\">9154<\/a>.<\/p>\n","protected":false},"featured_media":27794,"template":"","meta":[],"product_cat":[278],"product_tag":[],"acf":[],"aioseo_notices":[],"_links":{"self":[{"href":"https:\/\/toolhub.es\/en\/wp-json\/wp\/v2\/product\/21543"}],"collection":[{"href":"https:\/\/toolhub.es\/en\/wp-json\/wp\/v2\/product"}],"about":[{"href":"https:\/\/toolhub.es\/en\/wp-json\/wp\/v2\/types\/product"}],"wp:featuredmedia":[{"embeddable":true,"href":"https:\/\/toolhub.es\/en\/wp-json\/wp\/v2\/media\/27794"}],"wp:attachment":[{"href":"https:\/\/toolhub.es\/en\/wp-json\/wp\/v2\/media?parent=21543"}],"wp:term":[{"taxonomy":"product_cat","embeddable":true,"href":"https:\/\/toolhub.es\/en\/wp-json\/wp\/v2\/product_cat?post=21543"},{"taxonomy":"product_tag","embeddable":true,"href":"https:\/\/toolhub.es\/en\/wp-json\/wp\/v2\/product_tag?post=21543"}],"curies":[{"name":"wp","href":"https:\/\/api.w.org\/{rel}","templated":true}]}}