{"id":21546,"date":"2023-03-21T09:29:11","date_gmt":"2023-03-21T09:29:11","guid":{"rendered":"https:\/\/toolhub.es\/producto\/kit-calado-diesel-jaguar-land-rover-3-6d\/"},"modified":"2024-12-26T09:50:27","modified_gmt":"2024-12-26T09:50:27","slug":"kit-calado-diesel-jaguar-land-rover-3-6d","status":"publish","type":"product","link":"https:\/\/toolhub.es\/en\/producto\/kit-calado-diesel-jaguar-land-rover-3-6d\/","title":{"rendered":"DIESEL ENGINE TIMING SET &#8211; JLR 3.6D"},"content":{"rendered":"","protected":false},"excerpt":{"rendered":"<p>Conjunto de herramientas para bloquear los \u00e1rboles de levas, cig\u00fce\u00f1al y volante del motor diesel 3.6 de Land Rover usado en los modelos Range Rover.<\/p>\n<p><strong>Aplicaciones:<\/strong><br \/>\nLand Rover Range Rover, Range Rover Sport.<\/p>\n<p><strong>A\u00f1o<\/strong> 2006 &#8211; 2011<\/p>\n","protected":false},"featured_media":26064,"template":"","meta":[],"product_cat":[278],"product_tag":[],"acf":[],"aioseo_notices":[],"_links":{"self":[{"href":"https:\/\/toolhub.es\/en\/wp-json\/wp\/v2\/product\/21546"}],"collection":[{"href":"https:\/\/toolhub.es\/en\/wp-json\/wp\/v2\/product"}],"about":[{"href":"https:\/\/toolhub.es\/en\/wp-json\/wp\/v2\/types\/product"}],"wp:featuredmedia":[{"embeddable":true,"href":"https:\/\/toolhub.es\/en\/wp-json\/wp\/v2\/media\/26064"}],"wp:attachment":[{"href":"https:\/\/toolhub.es\/en\/wp-json\/wp\/v2\/media?parent=21546"}],"wp:term":[{"taxonomy":"product_cat","embeddable":true,"href":"https:\/\/toolhub.es\/en\/wp-json\/wp\/v2\/product_cat?post=21546"},{"taxonomy":"product_tag","embeddable":true,"href":"https:\/\/toolhub.es\/en\/wp-json\/wp\/v2\/product_tag?post=21546"}],"curies":[{"name":"wp","href":"https:\/\/api.w.org\/{rel}","templated":true}]}}