{"id":21553,"date":"2023-03-21T09:29:30","date_gmt":"2023-03-21T09:29:30","guid":{"rendered":"https:\/\/toolhub.es\/producto\/conjunto-de-reglaje-gasolina-ford-1-0-ecoboost\/"},"modified":"2024-12-26T09:50:35","modified_gmt":"2024-12-26T09:50:35","slug":"conjunto-de-reglaje-gasolina-ford-1-0-ecoboost","status":"publish","type":"product","link":"https:\/\/toolhub.es\/en\/producto\/conjunto-de-reglaje-gasolina-ford-1-0-ecoboost\/","title":{"rendered":"PETROL ENGINE TIMING SET &#8211; FORD 1.0 ECOBOOST"},"content":{"rendered":"","protected":false},"excerpt":{"rendered":"<p>Conjunto de herramientas para mantener la sincronizaci\u00f3n correcta del motor para poder cambiar la correa de distribuci\u00f3n de los motores de 3 cilindros 1.0 y 1.1 Ecoboost. Tambi\u00e9n incluye las herramientas para alinear los ajustadores de \u00e1rboles de levas.<\/p>\n<p><strong>Aplicaciones:<\/strong><br \/>\n<strong>Ford <\/strong>B-Max, C-Max, Ecosport, Fiesta, Focus, Mondeo, Tourneo Connect, Transit Courier, Transit Connect<\/p>\n<p><strong>A\u00f1os <\/strong>2012 &#8211; 2021<\/p>\n","protected":false},"featured_media":26071,"template":"","meta":[],"product_cat":[278],"product_tag":[],"acf":[],"aioseo_notices":[],"_links":{"self":[{"href":"https:\/\/toolhub.es\/en\/wp-json\/wp\/v2\/product\/21553"}],"collection":[{"href":"https:\/\/toolhub.es\/en\/wp-json\/wp\/v2\/product"}],"about":[{"href":"https:\/\/toolhub.es\/en\/wp-json\/wp\/v2\/types\/product"}],"wp:featuredmedia":[{"embeddable":true,"href":"https:\/\/toolhub.es\/en\/wp-json\/wp\/v2\/media\/26071"}],"wp:attachment":[{"href":"https:\/\/toolhub.es\/en\/wp-json\/wp\/v2\/media?parent=21553"}],"wp:term":[{"taxonomy":"product_cat","embeddable":true,"href":"https:\/\/toolhub.es\/en\/wp-json\/wp\/v2\/product_cat?post=21553"},{"taxonomy":"product_tag","embeddable":true,"href":"https:\/\/toolhub.es\/en\/wp-json\/wp\/v2\/product_tag?post=21553"}],"curies":[{"name":"wp","href":"https:\/\/api.w.org\/{rel}","templated":true}]}}