{"id":21560,"date":"2023-03-21T09:29:30","date_gmt":"2023-03-21T09:29:30","guid":{"rendered":"https:\/\/toolhub.es\/producto\/jgo-comprobadores-de-chispa-de-bujias-4-pzs\/"},"modified":"2024-12-26T09:50:46","modified_gmt":"2024-12-26T09:50:46","slug":"jgo-comprobadores-de-chispa-de-bujias-4-pzs","status":"publish","type":"product","link":"https:\/\/toolhub.es\/en\/producto\/jgo-comprobadores-de-chispa-de-bujias-4-pzs\/","title":{"rendered":"HT COIL TESTER SET &#8211; 4PCS"},"content":{"rendered":"","protected":false},"excerpt":{"rendered":"<p>Conjunto de herramientas que son de gran utilidad para las operaciones relacionadas con el mantenimiento y el diagn\u00f3stico de los veh\u00edculos, m\u00e1s concretamente, se utilizan para<br \/>\ncomprobaciones de la chispa de las buj\u00edas.<\/p>\n","protected":false},"featured_media":26078,"template":"","meta":[],"product_cat":[259],"product_tag":[],"acf":[],"aioseo_notices":[],"_links":{"self":[{"href":"https:\/\/toolhub.es\/en\/wp-json\/wp\/v2\/product\/21560"}],"collection":[{"href":"https:\/\/toolhub.es\/en\/wp-json\/wp\/v2\/product"}],"about":[{"href":"https:\/\/toolhub.es\/en\/wp-json\/wp\/v2\/types\/product"}],"wp:featuredmedia":[{"embeddable":true,"href":"https:\/\/toolhub.es\/en\/wp-json\/wp\/v2\/media\/26078"}],"wp:attachment":[{"href":"https:\/\/toolhub.es\/en\/wp-json\/wp\/v2\/media?parent=21560"}],"wp:term":[{"taxonomy":"product_cat","embeddable":true,"href":"https:\/\/toolhub.es\/en\/wp-json\/wp\/v2\/product_cat?post=21560"},{"taxonomy":"product_tag","embeddable":true,"href":"https:\/\/toolhub.es\/en\/wp-json\/wp\/v2\/product_tag?post=21560"}],"curies":[{"name":"wp","href":"https:\/\/api.w.org\/{rel}","templated":true}]}}