{"id":21565,"date":"2023-03-21T09:29:30","date_gmt":"2023-03-21T09:29:30","guid":{"rendered":"https:\/\/toolhub.es\/producto\/conjunto-de-reglaje-gasolina-opel-chevrolet-saab-1-4-1-6-1-8-ecotec\/"},"modified":"2024-12-26T09:50:52","modified_gmt":"2024-12-26T09:50:52","slug":"conjunto-de-reglaje-gasolina-opel-chevrolet-saab-1-4-1-6-1-8-ecotec","status":"publish","type":"product","link":"https:\/\/toolhub.es\/en\/producto\/conjunto-de-reglaje-gasolina-opel-chevrolet-saab-1-4-1-6-1-8-ecotec\/","title":{"rendered":"PETROL ENGINE TIMING SET &#8211;  OPEL \/ CHEVROLET \/ SAAB 1.4 \/ 1.6 \/ 1.8 ECOTEC"},"content":{"rendered":"","protected":false},"excerpt":{"rendered":"<p>Conjunto de reglaje para la primera generaci\u00f3n de motores de doble \u00e1rbol de levas 1.4, 1.6 y 1.8 gasolina Ecotec de fabricaci\u00f3n Opel introducidos en 1998.<\/p>\n<p><strong>Aplicaciones<\/strong>:<br \/>\n<strong>Opel <\/strong>Astar-G, Astra-H, Combo-C, Corsa-C, Meriva-A, Signum, Tigra-B, Vectra-B, Vectra-C, Zafira-A.<br \/>\n<strong>SAAB <\/strong>9-3.<\/p>\n<p><strong>A\u00f1o <\/strong>1998 &#8211; 2013<\/p>\n","protected":false},"featured_media":26083,"template":"","meta":[],"product_cat":[278],"product_tag":[],"acf":[],"aioseo_notices":[],"_links":{"self":[{"href":"https:\/\/toolhub.es\/en\/wp-json\/wp\/v2\/product\/21565"}],"collection":[{"href":"https:\/\/toolhub.es\/en\/wp-json\/wp\/v2\/product"}],"about":[{"href":"https:\/\/toolhub.es\/en\/wp-json\/wp\/v2\/types\/product"}],"wp:featuredmedia":[{"embeddable":true,"href":"https:\/\/toolhub.es\/en\/wp-json\/wp\/v2\/media\/26083"}],"wp:attachment":[{"href":"https:\/\/toolhub.es\/en\/wp-json\/wp\/v2\/media?parent=21565"}],"wp:term":[{"taxonomy":"product_cat","embeddable":true,"href":"https:\/\/toolhub.es\/en\/wp-json\/wp\/v2\/product_cat?post=21565"},{"taxonomy":"product_tag","embeddable":true,"href":"https:\/\/toolhub.es\/en\/wp-json\/wp\/v2\/product_tag?post=21565"}],"curies":[{"name":"wp","href":"https:\/\/api.w.org\/{rel}","templated":true}]}}