{"id":21577,"date":"2023-03-21T09:29:47","date_gmt":"2023-03-21T09:29:47","guid":{"rendered":"https:\/\/toolhub.es\/producto\/comprobador-de-circuito-de-turbo-vehiculos-comerciales\/"},"modified":"2024-12-26T09:51:08","modified_gmt":"2024-12-26T09:51:08","slug":"comprobador-de-circuito-de-turbo-vehiculos-comerciales","status":"publish","type":"product","link":"https:\/\/toolhub.es\/en\/producto\/comprobador-de-circuito-de-turbo-vehiculos-comerciales\/","title":{"rendered":"TURBO SYSTEM TESTER &#8211; COMERCIAL VEHICLES"},"content":{"rendered":"","protected":false},"excerpt":{"rendered":"<p>Conjunto para detectar fugas de aire y grietas en intercooler, tubos y tuber\u00edas que conectan el turbo al colector de admisi\u00f3n. Suministrado con 3 adaptadores de entrada y 3 adaptadores de tap\u00f3n para realizar las pruebas.<\/p>\n<p>[supsystic-tables id=264]<br \/>\n<em style=\"font-size: 14px;\">El uso de este m\u00e9todo puede detectar incluso las m\u00e1s peque\u00f1as grietas que se abren bajo la alta presi\u00f3n.<\/em><\/p>\n","protected":false},"featured_media":26095,"template":"","meta":[],"product_cat":[259],"product_tag":[],"acf":[],"aioseo_notices":[],"_links":{"self":[{"href":"https:\/\/toolhub.es\/en\/wp-json\/wp\/v2\/product\/21577"}],"collection":[{"href":"https:\/\/toolhub.es\/en\/wp-json\/wp\/v2\/product"}],"about":[{"href":"https:\/\/toolhub.es\/en\/wp-json\/wp\/v2\/types\/product"}],"wp:featuredmedia":[{"embeddable":true,"href":"https:\/\/toolhub.es\/en\/wp-json\/wp\/v2\/media\/26095"}],"wp:attachment":[{"href":"https:\/\/toolhub.es\/en\/wp-json\/wp\/v2\/media?parent=21577"}],"wp:term":[{"taxonomy":"product_cat","embeddable":true,"href":"https:\/\/toolhub.es\/en\/wp-json\/wp\/v2\/product_cat?post=21577"},{"taxonomy":"product_tag","embeddable":true,"href":"https:\/\/toolhub.es\/en\/wp-json\/wp\/v2\/product_tag?post=21577"}],"curies":[{"name":"wp","href":"https:\/\/api.w.org\/{rel}","templated":true}]}}