{"id":21580,"date":"2023-03-21T09:29:47","date_gmt":"2023-03-21T09:29:47","guid":{"rendered":"https:\/\/toolhub.es\/producto\/reglaje-motores-gasolina-volvo-1-5-2-0\/"},"modified":"2024-12-26T09:51:11","modified_gmt":"2024-12-26T09:51:11","slug":"reglaje-motores-gasolina-volvo-1-5-2-0","status":"publish","type":"product","link":"https:\/\/toolhub.es\/en\/producto\/reglaje-motores-gasolina-volvo-1-5-2-0\/","title":{"rendered":"PETROL ENGINE TIMING SET &#8211; VOLVO 1.5 \/ 2.0"},"content":{"rendered":"","protected":false},"excerpt":{"rendered":"<p>Contiene las herramientas necesarias para el cambio de la correa de distribuci\u00f3n y servicio del motor y v\u00e1lvulas de la \u00faltima generaci\u00f3n de motores gasolina 1.5 y 2.0 de Volvo.<\/p>\n<p><strong>Aplicaciones:<\/strong><br \/>\n<strong>Volvo<\/strong> S60 \/ S80 \/ S90 \/ V40 \/ V60 \/ V70 \/ V90 \/ XC40 \/ XC60 \/ XC70 \/ XC90<\/p>\n<p><strong>Motores <\/strong>1.5 &#8211; 2.0<\/p>\n<p><strong>A\u00f1o<\/strong> 2010 &#8211; 2021<\/p>\n","protected":false},"featured_media":26098,"template":"","meta":[],"product_cat":[278],"product_tag":[],"acf":[],"aioseo_notices":[],"_links":{"self":[{"href":"https:\/\/toolhub.es\/en\/wp-json\/wp\/v2\/product\/21580"}],"collection":[{"href":"https:\/\/toolhub.es\/en\/wp-json\/wp\/v2\/product"}],"about":[{"href":"https:\/\/toolhub.es\/en\/wp-json\/wp\/v2\/types\/product"}],"wp:featuredmedia":[{"embeddable":true,"href":"https:\/\/toolhub.es\/en\/wp-json\/wp\/v2\/media\/26098"}],"wp:attachment":[{"href":"https:\/\/toolhub.es\/en\/wp-json\/wp\/v2\/media?parent=21580"}],"wp:term":[{"taxonomy":"product_cat","embeddable":true,"href":"https:\/\/toolhub.es\/en\/wp-json\/wp\/v2\/product_cat?post=21580"},{"taxonomy":"product_tag","embeddable":true,"href":"https:\/\/toolhub.es\/en\/wp-json\/wp\/v2\/product_tag?post=21580"}],"curies":[{"name":"wp","href":"https:\/\/api.w.org\/{rel}","templated":true}]}}