{"id":21600,"date":"2023-03-21T09:30:05","date_gmt":"2023-03-21T09:30:05","guid":{"rendered":"https:\/\/toolhub.es\/producto\/alicate-para-conector-del-enfriador-de-aceite-bmw-y-bmw-mini\/"},"modified":"2024-12-26T09:51:35","modified_gmt":"2024-12-26T09:51:35","slug":"alicate-para-conector-del-enfriador-de-aceite-bmw-y-bmw-mini","status":"publish","type":"product","link":"https:\/\/toolhub.es\/en\/producto\/alicate-para-conector-del-enfriador-de-aceite-bmw-y-bmw-mini\/","title":{"rendered":"OIL COOLER HEAT EXCHANGE PLIERS BMW, BMW MINI"},"content":{"rendered":"","protected":false},"excerpt":{"rendered":"<p>Dise\u00f1ado para separar con facilidad las l\u00edneas de refrigeraci\u00f3n hidr\u00e1ulicas conectadas a la transmisi\u00f3n.<br \/>\nSin este \u00fatil es casi imposible hacerlo. Permiten ahorrar tiempo y dinero.<\/p>\n<p>\u0095 Mango antideslizante de vinilo. Fabricado en acero al carbono de m\u00e1xima resistencia.<br \/>\n\u0095 Ajustable en 4 posiciones como los alicates pico de loro. Horquillas de 15 y 22mm<\/p>\n<p><strong>Aplicaciones:<\/strong><br \/>\nBMW: E81, E82, E87, E46, E90, E60, E63, E65, E83,<br \/>\nE53, E70, E85 y los MINI: R50, R52 y R53.<\/p>\n","protected":false},"featured_media":26118,"template":"","meta":[],"product_cat":[259],"product_tag":[],"acf":[],"aioseo_notices":[],"_links":{"self":[{"href":"https:\/\/toolhub.es\/en\/wp-json\/wp\/v2\/product\/21600"}],"collection":[{"href":"https:\/\/toolhub.es\/en\/wp-json\/wp\/v2\/product"}],"about":[{"href":"https:\/\/toolhub.es\/en\/wp-json\/wp\/v2\/types\/product"}],"wp:featuredmedia":[{"embeddable":true,"href":"https:\/\/toolhub.es\/en\/wp-json\/wp\/v2\/media\/26118"}],"wp:attachment":[{"href":"https:\/\/toolhub.es\/en\/wp-json\/wp\/v2\/media?parent=21600"}],"wp:term":[{"taxonomy":"product_cat","embeddable":true,"href":"https:\/\/toolhub.es\/en\/wp-json\/wp\/v2\/product_cat?post=21600"},{"taxonomy":"product_tag","embeddable":true,"href":"https:\/\/toolhub.es\/en\/wp-json\/wp\/v2\/product_tag?post=21600"}],"curies":[{"name":"wp","href":"https:\/\/api.w.org\/{rel}","templated":true}]}}