{"id":21617,"date":"2023-03-21T09:30:32","date_gmt":"2023-03-21T09:30:32","guid":{"rendered":"https:\/\/toolhub.es\/producto\/reglaje-motores-diesel-bmw-bmw-mini-1-5d-2-0d-b37-b47\/"},"modified":"2024-12-26T09:51:54","modified_gmt":"2024-12-26T09:51:54","slug":"reglaje-motores-diesel-bmw-bmw-mini-1-5d-2-0d-b37-b47","status":"publish","type":"product","link":"https:\/\/toolhub.es\/en\/producto\/reglaje-motores-diesel-bmw-bmw-mini-1-5d-2-0d-b37-b47\/","title":{"rendered":"DIESEL ENGINE TIMING SET &#8211; BMW \/ BMW MINI, 1.5D \/ 2.0D (B37 \/ B47)"},"content":{"rendered":"","protected":false},"excerpt":{"rendered":"<p>Este conjunto contiene las herramientas necesarias para mantener el motor en la posici\u00f3n correcta para reemplazar la cadena de distribuci\u00f3n de los \u00faltimos motores di\u00e9sel BMW 1.5 (B37) y 2.0 (B47) a partir de 2014<\/p>\n<p><strong>Aplicaciones:<\/strong><br \/>\n<strong>BMW:<\/strong> Serie 1, Serie 2, Serie 3, Serie 4, Serie 5, Serie 6, X1, X2, X3, X4, X5.<br \/>\n<strong>BMW\/Mini:<\/strong> Clubman, Convertible, Countryman, Mini Hatch.<\/p>\n<p><strong>Motores:<\/strong> 1.5L. y 2.0L<\/p>\n<p><strong>A\u00f1o:<\/strong> Desde 2014<\/p>\n","protected":false},"featured_media":26135,"template":"","meta":[],"product_cat":[278],"product_tag":[],"acf":[],"aioseo_notices":[],"_links":{"self":[{"href":"https:\/\/toolhub.es\/en\/wp-json\/wp\/v2\/product\/21617"}],"collection":[{"href":"https:\/\/toolhub.es\/en\/wp-json\/wp\/v2\/product"}],"about":[{"href":"https:\/\/toolhub.es\/en\/wp-json\/wp\/v2\/types\/product"}],"wp:featuredmedia":[{"embeddable":true,"href":"https:\/\/toolhub.es\/en\/wp-json\/wp\/v2\/media\/26135"}],"wp:attachment":[{"href":"https:\/\/toolhub.es\/en\/wp-json\/wp\/v2\/media?parent=21617"}],"wp:term":[{"taxonomy":"product_cat","embeddable":true,"href":"https:\/\/toolhub.es\/en\/wp-json\/wp\/v2\/product_cat?post=21617"},{"taxonomy":"product_tag","embeddable":true,"href":"https:\/\/toolhub.es\/en\/wp-json\/wp\/v2\/product_tag?post=21617"}],"curies":[{"name":"wp","href":"https:\/\/api.w.org\/{rel}","templated":true}]}}