{"id":21618,"date":"2023-03-21T09:30:32","date_gmt":"2023-03-21T09:30:32","guid":{"rendered":"https:\/\/toolhub.es\/producto\/conjunto-reglaje-de-motores-bmw-bmw-mini-b38-b48-b58\/"},"modified":"2024-12-26T09:51:55","modified_gmt":"2024-12-26T09:51:55","slug":"conjunto-reglaje-de-motores-bmw-bmw-mini-b38-b48-b58","status":"publish","type":"product","link":"https:\/\/toolhub.es\/en\/producto\/conjunto-reglaje-de-motores-bmw-bmw-mini-b38-b48-b58\/","title":{"rendered":"PETROL ENGINE TIMING SET &#8211; BMW \/ BMW MINI B38\/B48\/B58"},"content":{"rendered":"","protected":false},"excerpt":{"rendered":"<p>Este conjunto contiene las herramientas necesarias para mantener el motor en la posici\u00f3n correcta para reemplazar la cadena de distribuci\u00f3n de los \u00faltimos motores gasolina BMW a partir de 2014.<\/p>\n<p><strong>Aplicaciones:<\/strong><br \/>\nBMW Series 1, 2, 3, 4, 5, 6, 7, 8, i8, X1, X2, X3, X4, X5, X6, X7, Z4.<br \/>\nBMW Mini Clubman, Convertible, Countryman, Mini Hatch.<\/p>\n<p><strong>Motores <\/strong><br \/>\n1.2i, 1.5i, 1.6i, 2.0i y 3.0i.<\/p>\n<p><strong>A\u00f1o <\/strong>Desde 2014<\/p>\n","protected":false},"featured_media":26136,"template":"","meta":[],"product_cat":[278],"product_tag":[],"acf":[],"aioseo_notices":[],"_links":{"self":[{"href":"https:\/\/toolhub.es\/en\/wp-json\/wp\/v2\/product\/21618"}],"collection":[{"href":"https:\/\/toolhub.es\/en\/wp-json\/wp\/v2\/product"}],"about":[{"href":"https:\/\/toolhub.es\/en\/wp-json\/wp\/v2\/types\/product"}],"wp:featuredmedia":[{"embeddable":true,"href":"https:\/\/toolhub.es\/en\/wp-json\/wp\/v2\/media\/26136"}],"wp:attachment":[{"href":"https:\/\/toolhub.es\/en\/wp-json\/wp\/v2\/media?parent=21618"}],"wp:term":[{"taxonomy":"product_cat","embeddable":true,"href":"https:\/\/toolhub.es\/en\/wp-json\/wp\/v2\/product_cat?post=21618"},{"taxonomy":"product_tag","embeddable":true,"href":"https:\/\/toolhub.es\/en\/wp-json\/wp\/v2\/product_tag?post=21618"}],"curies":[{"name":"wp","href":"https:\/\/api.w.org\/{rel}","templated":true}]}}