{"id":21620,"date":"2023-03-21T09:30:32","date_gmt":"2023-03-21T09:30:32","guid":{"rendered":"https:\/\/toolhub.es\/producto\/conjunto-de-reglaje-para-motores-ford\/"},"modified":"2024-12-26T09:51:57","modified_gmt":"2024-12-26T09:51:57","slug":"conjunto-de-reglaje-para-motores-ford","status":"publish","type":"product","link":"https:\/\/toolhub.es\/en\/producto\/conjunto-de-reglaje-para-motores-ford\/","title":{"rendered":"DIESEL &#038; PETROL ENGINE TIMING SET &#8211; FORD"},"content":{"rendered":"","protected":false},"excerpt":{"rendered":"<p>Este conjunto de calado contiene las herramientas de reglaje m\u00e1s comunes para una gama muy amplia de veh\u00edculos Ford en gasolina y di\u00e9sel.<\/p>\n<p><strong>Aplicaciones<\/strong>:<br \/>\n<strong>Motores Di\u00e9sel<\/strong><br \/>\n1.4TDCI \/ 1.5 TDCI \/ 1.6 TDCI \/ 1.8 TD \/ 1.8TDDI \/ 1.8TDCI \/ 2.0TDCI \/ 2.2 TDCI.<br \/>\n<strong>Motores Gasolina<\/strong><br \/>\n1.25 \/ 1.4 \/ 1.6 \/ 1.7 \/ 1.8 \/ 2.0 \/ 2.3.<\/p>\n","protected":false},"featured_media":26138,"template":"","meta":[],"product_cat":[278],"product_tag":[],"acf":[],"aioseo_notices":[],"_links":{"self":[{"href":"https:\/\/toolhub.es\/en\/wp-json\/wp\/v2\/product\/21620"}],"collection":[{"href":"https:\/\/toolhub.es\/en\/wp-json\/wp\/v2\/product"}],"about":[{"href":"https:\/\/toolhub.es\/en\/wp-json\/wp\/v2\/types\/product"}],"wp:featuredmedia":[{"embeddable":true,"href":"https:\/\/toolhub.es\/en\/wp-json\/wp\/v2\/media\/26138"}],"wp:attachment":[{"href":"https:\/\/toolhub.es\/en\/wp-json\/wp\/v2\/media?parent=21620"}],"wp:term":[{"taxonomy":"product_cat","embeddable":true,"href":"https:\/\/toolhub.es\/en\/wp-json\/wp\/v2\/product_cat?post=21620"},{"taxonomy":"product_tag","embeddable":true,"href":"https:\/\/toolhub.es\/en\/wp-json\/wp\/v2\/product_tag?post=21620"}],"curies":[{"name":"wp","href":"https:\/\/api.w.org\/{rel}","templated":true}]}}