{"id":21626,"date":"2023-03-21T09:30:32","date_gmt":"2023-03-21T09:30:32","guid":{"rendered":"https:\/\/toolhub.es\/producto\/kit-calado-diesel-renault-nissan-3-0d\/"},"modified":"2024-12-26T09:52:05","modified_gmt":"2024-12-26T09:52:05","slug":"kit-calado-diesel-renault-nissan-3-0d","status":"publish","type":"product","link":"https:\/\/toolhub.es\/en\/producto\/kit-calado-diesel-renault-nissan-3-0d\/","title":{"rendered":"DIESEL ENGINE TIMING SET &#8211; RENAULT \/ NISSAN 3.0D"},"content":{"rendered":"","protected":false},"excerpt":{"rendered":"<p>Este kit contiene el alineador de \u00e1rbol de levas y el pasador de cigue\u00f1al espec\u00edfico para el motor 3.0DCi de Renault utilizados en modelos Renault y Nissan.<\/p>\n<p><strong>Aplicaciones:<\/strong><br \/>\n<strong>Renault <\/strong>Laguna, Latitude<br \/>\n<strong>Nissan<\/strong> Navara Pick-Up, Pathfinder<\/p>\n<p><strong>A\u00f1o<\/strong> 2008 &#8211; 2014<\/p>\n","protected":false},"featured_media":26144,"template":"","meta":[],"product_cat":[278],"product_tag":[],"acf":[],"aioseo_notices":[],"_links":{"self":[{"href":"https:\/\/toolhub.es\/en\/wp-json\/wp\/v2\/product\/21626"}],"collection":[{"href":"https:\/\/toolhub.es\/en\/wp-json\/wp\/v2\/product"}],"about":[{"href":"https:\/\/toolhub.es\/en\/wp-json\/wp\/v2\/types\/product"}],"wp:featuredmedia":[{"embeddable":true,"href":"https:\/\/toolhub.es\/en\/wp-json\/wp\/v2\/media\/26144"}],"wp:attachment":[{"href":"https:\/\/toolhub.es\/en\/wp-json\/wp\/v2\/media?parent=21626"}],"wp:term":[{"taxonomy":"product_cat","embeddable":true,"href":"https:\/\/toolhub.es\/en\/wp-json\/wp\/v2\/product_cat?post=21626"},{"taxonomy":"product_tag","embeddable":true,"href":"https:\/\/toolhub.es\/en\/wp-json\/wp\/v2\/product_tag?post=21626"}],"curies":[{"name":"wp","href":"https:\/\/api.w.org\/{rel}","templated":true}]}}