{"id":21632,"date":"2023-03-21T09:30:54","date_gmt":"2023-03-21T09:30:54","guid":{"rendered":"https:\/\/toolhub.es\/producto\/conjunto-de-reglaje-gasolina-ford-volvo-2-5-euro-4\/"},"modified":"2024-12-26T09:52:13","modified_gmt":"2024-12-26T09:52:13","slug":"conjunto-de-reglaje-gasolina-ford-volvo-2-5-euro-4","status":"publish","type":"product","link":"https:\/\/toolhub.es\/en\/producto\/conjunto-de-reglaje-gasolina-ford-volvo-2-5-euro-4\/","title":{"rendered":"PETROL ENGINE TIMING SET &#8211; FORD \/ VOLVO 2.5 (EURO 4)"},"content":{"rendered":"","protected":false},"excerpt":{"rendered":"<p>Este kit contiene las herramientas especiales para alinear los arboles de levas y cig\u00fce\u00f1al durante la reparaci\u00f3n de la unidad de v\u00e1lvulas variables y el desmontaje y instalaci\u00f3n de los arboles de levas. Tambi\u00e9n contiene la llave 9569 para sujetar la polea de cig\u00fce\u00f1al.<\/p>\n<p><strong>Aplicaciones:<\/strong><br \/>\n850 \/ C30 \/ C70 \/ S40 \/ S60 \/ S70 \/ S80 \/ V40 \/ V50 \/ V60 \/ V70 \/ XC60 \/ XC70 \/ XC90<\/p>\n<p><strong>A\u00f1o<\/strong> 1996 &#8211; 2017<\/p>\n","protected":false},"featured_media":26150,"template":"","meta":[],"product_cat":[278],"product_tag":[],"acf":[],"aioseo_notices":[],"_links":{"self":[{"href":"https:\/\/toolhub.es\/en\/wp-json\/wp\/v2\/product\/21632"}],"collection":[{"href":"https:\/\/toolhub.es\/en\/wp-json\/wp\/v2\/product"}],"about":[{"href":"https:\/\/toolhub.es\/en\/wp-json\/wp\/v2\/types\/product"}],"wp:featuredmedia":[{"embeddable":true,"href":"https:\/\/toolhub.es\/en\/wp-json\/wp\/v2\/media\/26150"}],"wp:attachment":[{"href":"https:\/\/toolhub.es\/en\/wp-json\/wp\/v2\/media?parent=21632"}],"wp:term":[{"taxonomy":"product_cat","embeddable":true,"href":"https:\/\/toolhub.es\/en\/wp-json\/wp\/v2\/product_cat?post=21632"},{"taxonomy":"product_tag","embeddable":true,"href":"https:\/\/toolhub.es\/en\/wp-json\/wp\/v2\/product_tag?post=21632"}],"curies":[{"name":"wp","href":"https:\/\/api.w.org\/{rel}","templated":true}]}}