{"id":21640,"date":"2023-03-21T09:30:54","date_gmt":"2023-03-21T09:30:54","guid":{"rendered":"https:\/\/toolhub.es\/producto\/pasador-de-ciguenal-ford-22-3-2-tdci-oem-3031562\/"},"modified":"2024-12-26T09:52:24","modified_gmt":"2024-12-26T09:52:24","slug":"pasador-de-ciguenal-ford-22-3-2-tdci-oem-3031562","status":"publish","type":"product","link":"https:\/\/toolhub.es\/en\/producto\/pasador-de-ciguenal-ford-22-3-2-tdci-oem-3031562\/","title":{"rendered":"CRANKSHAFT LOCKING PIN &#8211; FORD 2.2 \/ 3.2 TDCI"},"content":{"rendered":"","protected":false},"excerpt":{"rendered":"<p>Este pasador bloquea el cig\u00fce\u00f1al a trav\u00e9s del volante de motor.<\/p>\n<p><strong>Aplicaciones:<\/strong><br \/>\nFord Ranger y Transit.<\/p>\n<p><strong>A\u00f1os <\/strong>2007 &#8211; 2015<\/p>\n","protected":false},"featured_media":26158,"template":"","meta":[],"product_cat":[278],"product_tag":[],"acf":[],"aioseo_notices":[],"_links":{"self":[{"href":"https:\/\/toolhub.es\/en\/wp-json\/wp\/v2\/product\/21640"}],"collection":[{"href":"https:\/\/toolhub.es\/en\/wp-json\/wp\/v2\/product"}],"about":[{"href":"https:\/\/toolhub.es\/en\/wp-json\/wp\/v2\/types\/product"}],"wp:featuredmedia":[{"embeddable":true,"href":"https:\/\/toolhub.es\/en\/wp-json\/wp\/v2\/media\/26158"}],"wp:attachment":[{"href":"https:\/\/toolhub.es\/en\/wp-json\/wp\/v2\/media?parent=21640"}],"wp:term":[{"taxonomy":"product_cat","embeddable":true,"href":"https:\/\/toolhub.es\/en\/wp-json\/wp\/v2\/product_cat?post=21640"},{"taxonomy":"product_tag","embeddable":true,"href":"https:\/\/toolhub.es\/en\/wp-json\/wp\/v2\/product_tag?post=21640"}],"curies":[{"name":"wp","href":"https:\/\/api.w.org\/{rel}","templated":true}]}}