{"id":21641,"date":"2023-03-21T09:30:54","date_gmt":"2023-03-21T09:30:54","guid":{"rendered":"https:\/\/toolhub.es\/producto\/pasador-de-volante-bmw-n47-b47-b48\/"},"modified":"2024-12-26T09:52:25","modified_gmt":"2024-12-26T09:52:25","slug":"pasador-de-volante-bmw-n47-b47-b48","status":"publish","type":"product","link":"https:\/\/toolhub.es\/en\/producto\/pasador-de-volante-bmw-n47-b47-b48\/","title":{"rendered":"FLYWHEEL LOCKING PIN BMW N47\/B47\/B48"},"content":{"rendered":"","protected":false},"excerpt":{"rendered":"<p>Este pasador se usa para bloquear el volante de motor y el disco de transmisi\u00f3n de las \u00faltimas generaciones de motores BMW de di\u00e9sel y gasolina.<\/p>\n<p><strong>Aplicaciones:<\/strong> BMW \/ BMW Mini<\/p>\n<p><strong>A\u00f1o:<\/strong> Desde 2014<\/p>\n","protected":false},"featured_media":26159,"template":"","meta":[],"product_cat":[278],"product_tag":[],"acf":[],"aioseo_notices":[],"_links":{"self":[{"href":"https:\/\/toolhub.es\/en\/wp-json\/wp\/v2\/product\/21641"}],"collection":[{"href":"https:\/\/toolhub.es\/en\/wp-json\/wp\/v2\/product"}],"about":[{"href":"https:\/\/toolhub.es\/en\/wp-json\/wp\/v2\/types\/product"}],"wp:featuredmedia":[{"embeddable":true,"href":"https:\/\/toolhub.es\/en\/wp-json\/wp\/v2\/media\/26159"}],"wp:attachment":[{"href":"https:\/\/toolhub.es\/en\/wp-json\/wp\/v2\/media?parent=21641"}],"wp:term":[{"taxonomy":"product_cat","embeddable":true,"href":"https:\/\/toolhub.es\/en\/wp-json\/wp\/v2\/product_cat?post=21641"},{"taxonomy":"product_tag","embeddable":true,"href":"https:\/\/toolhub.es\/en\/wp-json\/wp\/v2\/product_tag?post=21641"}],"curies":[{"name":"wp","href":"https:\/\/api.w.org\/{rel}","templated":true}]}}