{"id":21671,"date":"2023-03-21T09:31:31","date_gmt":"2023-03-21T09:31:31","guid":{"rendered":"https:\/\/toolhub.es\/producto\/compresor-muelle-de-valvula-para-bmw\/"},"modified":"2024-12-26T09:53:10","modified_gmt":"2024-12-26T09:53:10","slug":"compresor-muelle-de-valvula-para-bmw","status":"publish","type":"product","link":"https:\/\/toolhub.es\/en\/producto\/compresor-muelle-de-valvula-para-bmw\/","title":{"rendered":"VALVE SPRING COMPRESSOR TOOL &#8211; BMW N13 \/ N20 \/ N26 \/ N55"},"content":{"rendered":"","protected":false},"excerpt":{"rendered":"<p>Herramienta para desmontar y volver a montar los muelles de control del eje intermedio utilizados en el sistema VVT de los motores gasolina N13 (1.6), N20 (1.6 y 2.0), N26 (2.0) y N55(3.0) de BMW.<br \/>\nEl sistema de distribuci\u00f3n variable de v\u00e1lvulas de estos veh\u00edculos utiliza un sistema de palanca con muelle que, si no se sujeta adecuadamente al ser retirado, puede salirse f\u00e1cilmente causando da\u00f1os o lesiones.<\/p>\n[supsystic-tables id=268]\n<p><strong>A\u00f1o:<\/strong> 2009 &#8211; 2018<\/p>\n","protected":false},"featured_media":26189,"template":"","meta":[],"product_cat":[259],"product_tag":[],"acf":[],"aioseo_notices":[],"_links":{"self":[{"href":"https:\/\/toolhub.es\/en\/wp-json\/wp\/v2\/product\/21671"}],"collection":[{"href":"https:\/\/toolhub.es\/en\/wp-json\/wp\/v2\/product"}],"about":[{"href":"https:\/\/toolhub.es\/en\/wp-json\/wp\/v2\/types\/product"}],"wp:featuredmedia":[{"embeddable":true,"href":"https:\/\/toolhub.es\/en\/wp-json\/wp\/v2\/media\/26189"}],"wp:attachment":[{"href":"https:\/\/toolhub.es\/en\/wp-json\/wp\/v2\/media?parent=21671"}],"wp:term":[{"taxonomy":"product_cat","embeddable":true,"href":"https:\/\/toolhub.es\/en\/wp-json\/wp\/v2\/product_cat?post=21671"},{"taxonomy":"product_tag","embeddable":true,"href":"https:\/\/toolhub.es\/en\/wp-json\/wp\/v2\/product_tag?post=21671"}],"curies":[{"name":"wp","href":"https:\/\/api.w.org\/{rel}","templated":true}]}}