{"id":21691,"date":"2023-03-21T09:31:49","date_gmt":"2023-03-21T09:31:49","guid":{"rendered":"https:\/\/toolhub.es\/producto\/juego-de-reparacion-de-rosca-con-helicoil-m12-x-1-25-esp-calentadores-y-bujias\/"},"modified":"2024-12-26T09:53:35","modified_gmt":"2024-12-26T09:53:35","slug":"juego-de-reparacion-de-rosca-con-helicoil-m12-x-1-25-esp-calentadores-y-bujias","status":"publish","type":"product","link":"https:\/\/toolhub.es\/en\/producto\/juego-de-reparacion-de-rosca-con-helicoil-m12-x-1-25-esp-calentadores-y-bujias\/","title":{"rendered":"HELICOIL THREAD REPAIR SET M10 X 1.25 &#8211; GLOWPLUGS \/ SPARK PLUGS"},"content":{"rendered":"","protected":false},"excerpt":{"rendered":"<p>Incluyen todo lo necesario para la reparaci\u00f3n de roscas da\u00f1adas.<br \/>\nEl kit de reparaci\u00f3n m\u00e9trico crea roscas internas m\u00e1s fuertes en la mayor\u00eda de metales y ayuda a recuperar el tama\u00f1o original de la rosca.<\/p>\n<p><strong>Todos los juegos incluyen:<\/strong><br \/>\nBroca de acero de alta velocidad, Helicoils roscados, Herramienta de penetraci\u00f3n reforzada, Mandril de instalaci\u00f3n, \u00datil de inserci\u00f3n.<\/p>\n<p><strong>Descripci\u00f3n:<\/strong><br \/>\nM12 x 1.25 &#8211; Especial para Calentadores y Buj\u00edas<\/p>\n<p><strong>Medidas:<\/strong><br \/>\n6 x 9 mm &#8211; 8 x 12mm &#8211; 8 x 18 mm (20 Uds.<\/p>\n","protected":false},"featured_media":26207,"template":"","meta":[],"product_cat":[259],"product_tag":[],"acf":[],"aioseo_notices":[],"_links":{"self":[{"href":"https:\/\/toolhub.es\/en\/wp-json\/wp\/v2\/product\/21691"}],"collection":[{"href":"https:\/\/toolhub.es\/en\/wp-json\/wp\/v2\/product"}],"about":[{"href":"https:\/\/toolhub.es\/en\/wp-json\/wp\/v2\/types\/product"}],"wp:featuredmedia":[{"embeddable":true,"href":"https:\/\/toolhub.es\/en\/wp-json\/wp\/v2\/media\/26207"}],"wp:attachment":[{"href":"https:\/\/toolhub.es\/en\/wp-json\/wp\/v2\/media?parent=21691"}],"wp:term":[{"taxonomy":"product_cat","embeddable":true,"href":"https:\/\/toolhub.es\/en\/wp-json\/wp\/v2\/product_cat?post=21691"},{"taxonomy":"product_tag","embeddable":true,"href":"https:\/\/toolhub.es\/en\/wp-json\/wp\/v2\/product_tag?post=21691"}],"curies":[{"name":"wp","href":"https:\/\/api.w.org\/{rel}","templated":true}]}}