{"id":21706,"date":"2023-03-21T09:31:49","date_gmt":"2023-03-21T09:31:49","guid":{"rendered":"https:\/\/toolhub.es\/producto\/kit-calado-diesel-1-4-1-6-tdci-ford-psa\/"},"modified":"2024-12-26T09:53:53","modified_gmt":"2024-12-26T09:53:53","slug":"kit-calado-diesel-1-4-1-6-tdci-ford-psa","status":"publish","type":"product","link":"https:\/\/toolhub.es\/en\/producto\/kit-calado-diesel-1-4-1-6-tdci-ford-psa\/","title":{"rendered":"DISEL ENGINE TIMING SET 1.4 \/ 1.6 TDCI &#8211; FORD \/ PSA"},"content":{"rendered":"","protected":false},"excerpt":{"rendered":"<p>Juego de pasadores para bloquear \u00e1rbol de levas, cig\u00fce\u00f1al y pi\u00f1\u00f3n de la bomba de alta presi\u00f3n di\u00e9sel de los motores Ford y PSA utilizados en una gama amplia de veh\u00edculos Ford, PSA y Volvo TDCI y HDI.<\/p>\n<p><strong>Aplicaciones:<\/strong><br \/>\nFord B-Max, C-Max, Ecosport, Fiesta, Focus, Focus C-Max, Fusion, Galaxy, Ka . Puma, Kuga, Mondeo, S-Max, Tourneo Connect, Transit Courier, Transit Connect.<\/p>\n<p><strong>A\u00f1o<\/strong> 2002 &#8211; 2021<\/p>\n","protected":false},"featured_media":26221,"template":"","meta":[],"product_cat":[278],"product_tag":[],"acf":[],"aioseo_notices":[],"_links":{"self":[{"href":"https:\/\/toolhub.es\/en\/wp-json\/wp\/v2\/product\/21706"}],"collection":[{"href":"https:\/\/toolhub.es\/en\/wp-json\/wp\/v2\/product"}],"about":[{"href":"https:\/\/toolhub.es\/en\/wp-json\/wp\/v2\/types\/product"}],"wp:featuredmedia":[{"embeddable":true,"href":"https:\/\/toolhub.es\/en\/wp-json\/wp\/v2\/media\/26221"}],"wp:attachment":[{"href":"https:\/\/toolhub.es\/en\/wp-json\/wp\/v2\/media?parent=21706"}],"wp:term":[{"taxonomy":"product_cat","embeddable":true,"href":"https:\/\/toolhub.es\/en\/wp-json\/wp\/v2\/product_cat?post=21706"},{"taxonomy":"product_tag","embeddable":true,"href":"https:\/\/toolhub.es\/en\/wp-json\/wp\/v2\/product_tag?post=21706"}],"curies":[{"name":"wp","href":"https:\/\/api.w.org\/{rel}","templated":true}]}}