{"id":21728,"date":"2023-03-21T09:32:25","date_gmt":"2023-03-21T09:32:25","guid":{"rendered":"https:\/\/toolhub.es\/producto\/conjunto-reglaje-motores-opel-y-suzuki\/"},"modified":"2024-12-26T09:54:23","modified_gmt":"2024-12-26T09:54:23","slug":"conjunto-reglaje-motores-opel-y-suzuki","status":"publish","type":"product","link":"https:\/\/toolhub.es\/en\/producto\/conjunto-reglaje-motores-opel-y-suzuki\/","title":{"rendered":"DIESEL ENGINE TIMING SET &#8211; VAUXHALL \/ OPEL 1.3 CDI"},"content":{"rendered":"","protected":false},"excerpt":{"rendered":"<p>Kit de herramientas b\u00e1sicas para el calado de \u00e1rbol de levas y cig\u00fce\u00f1al de los motores 1.3CDTI utilizados en una amplia gama de modelos de la marca Opel. Tambi\u00e9n se utiliza en modelos de las marcas Citro\u00ebn, Ford, Fiat, Peugeot y Suzuki.<\/p>\n<p><strong>Aplicaciones<\/strong>:<br \/>\n<strong>Chevrolet<\/strong> Aveo<br \/>\n<strong>Opel<\/strong> Agila, Agila-B, Astra-H, Astra-J, Combo-C, Combo-D, Corsa-C, Corsa-D, Meriva-A, Meriva-B, Tigra-B, Zafira-B<br \/>\n<strong>Suzuki<\/strong> Ignis, Splash, Swift, Wagon R .<\/p>\n","protected":false},"featured_media":26243,"template":"","meta":[],"product_cat":[278],"product_tag":[],"acf":[],"aioseo_notices":[],"_links":{"self":[{"href":"https:\/\/toolhub.es\/en\/wp-json\/wp\/v2\/product\/21728"}],"collection":[{"href":"https:\/\/toolhub.es\/en\/wp-json\/wp\/v2\/product"}],"about":[{"href":"https:\/\/toolhub.es\/en\/wp-json\/wp\/v2\/types\/product"}],"wp:featuredmedia":[{"embeddable":true,"href":"https:\/\/toolhub.es\/en\/wp-json\/wp\/v2\/media\/26243"}],"wp:attachment":[{"href":"https:\/\/toolhub.es\/en\/wp-json\/wp\/v2\/media?parent=21728"}],"wp:term":[{"taxonomy":"product_cat","embeddable":true,"href":"https:\/\/toolhub.es\/en\/wp-json\/wp\/v2\/product_cat?post=21728"},{"taxonomy":"product_tag","embeddable":true,"href":"https:\/\/toolhub.es\/en\/wp-json\/wp\/v2\/product_tag?post=21728"}],"curies":[{"name":"wp","href":"https:\/\/api.w.org\/{rel}","templated":true}]}}