{"id":21743,"date":"2023-03-21T09:32:25","date_gmt":"2023-03-21T09:32:25","guid":{"rendered":"https:\/\/toolhub.es\/producto\/compresimetro-p-motores-diesel-full\/"},"modified":"2024-12-26T09:54:40","modified_gmt":"2024-12-26T09:54:40","slug":"compresimetro-p-motores-diesel-full","status":"publish","type":"product","link":"https:\/\/toolhub.es\/en\/producto\/compresimetro-p-motores-diesel-full\/","title":{"rendered":"PROFESSIONAL DIESEL COMPRESSION TEST SET &#8211; 40PCS"},"content":{"rendered":"","protected":false},"excerpt":{"rendered":"<p>La amplia gama de adaptadores para buj\u00edas incandescentes e inyectores permiten que este kit cubra la gran mayor\u00eda de coches, furgonetas, camiones, autobuses, como tambi\u00e9n los motores di\u00e9sel agr\u00edcolas y marinos.<\/p>\n[supsystic-tables id=132]\n[supsystic-tables id=133]\n","protected":false},"featured_media":26258,"template":"","meta":[],"product_cat":[259],"product_tag":[],"acf":[],"aioseo_notices":[],"_links":{"self":[{"href":"https:\/\/toolhub.es\/en\/wp-json\/wp\/v2\/product\/21743"}],"collection":[{"href":"https:\/\/toolhub.es\/en\/wp-json\/wp\/v2\/product"}],"about":[{"href":"https:\/\/toolhub.es\/en\/wp-json\/wp\/v2\/types\/product"}],"wp:featuredmedia":[{"embeddable":true,"href":"https:\/\/toolhub.es\/en\/wp-json\/wp\/v2\/media\/26258"}],"wp:attachment":[{"href":"https:\/\/toolhub.es\/en\/wp-json\/wp\/v2\/media?parent=21743"}],"wp:term":[{"taxonomy":"product_cat","embeddable":true,"href":"https:\/\/toolhub.es\/en\/wp-json\/wp\/v2\/product_cat?post=21743"},{"taxonomy":"product_tag","embeddable":true,"href":"https:\/\/toolhub.es\/en\/wp-json\/wp\/v2\/product_tag?post=21743"}],"curies":[{"name":"wp","href":"https:\/\/api.w.org\/{rel}","templated":true}]}}