{"id":21756,"date":"2023-03-21T09:32:59","date_gmt":"2023-03-21T09:32:59","guid":{"rendered":"https:\/\/toolhub.es\/producto\/juego-de-reparacion-de-rosca-de-carter\/"},"modified":"2024-12-26T09:54:56","modified_gmt":"2024-12-26T09:54:56","slug":"juego-de-reparacion-de-rosca-de-carter","status":"publish","type":"product","link":"https:\/\/toolhub.es\/en\/producto\/juego-de-reparacion-de-rosca-de-carter\/","title":{"rendered":"OIL DRAIN PAN SUMP PLUG RETHREAD SET"},"content":{"rendered":"","protected":false},"excerpt":{"rendered":"<p>Malet\u00edn con todo lo necesario para la reparaci\u00f3n de roscas de tapones roscados de vaciado del aceite sin la costosa sustituci\u00f3n del c\u00e1rter.<br \/>\nEs muy f\u00e1cil de usar, solamente hay que eliminar la rosca da\u00f1ada con el macho de roscar y ampliarla al siguiente tama\u00f1o<\/p>\n[supsystic-tables id=312]\n[supsystic-tables id=313]\n","protected":false},"featured_media":26272,"template":"","meta":[],"product_cat":[259],"product_tag":[],"acf":[],"aioseo_notices":[],"_links":{"self":[{"href":"https:\/\/toolhub.es\/en\/wp-json\/wp\/v2\/product\/21756"}],"collection":[{"href":"https:\/\/toolhub.es\/en\/wp-json\/wp\/v2\/product"}],"about":[{"href":"https:\/\/toolhub.es\/en\/wp-json\/wp\/v2\/types\/product"}],"wp:featuredmedia":[{"embeddable":true,"href":"https:\/\/toolhub.es\/en\/wp-json\/wp\/v2\/media\/26272"}],"wp:attachment":[{"href":"https:\/\/toolhub.es\/en\/wp-json\/wp\/v2\/media?parent=21756"}],"wp:term":[{"taxonomy":"product_cat","embeddable":true,"href":"https:\/\/toolhub.es\/en\/wp-json\/wp\/v2\/product_cat?post=21756"},{"taxonomy":"product_tag","embeddable":true,"href":"https:\/\/toolhub.es\/en\/wp-json\/wp\/v2\/product_tag?post=21756"}],"curies":[{"name":"wp","href":"https:\/\/api.w.org\/{rel}","templated":true}]}}