{"id":22102,"date":"2023-03-21T09:37:33","date_gmt":"2023-03-21T09:37:33","guid":{"rendered":"https:\/\/toolhub.es\/producto\/carraca-72-dientes-1-4-dr\/"},"modified":"2024-12-26T10:00:28","modified_gmt":"2024-12-26T10:00:28","slug":"carraca-72-dientes-1-4-dr","status":"publish","type":"product","link":"https:\/\/toolhub.es\/en\/producto\/carraca-72-dientes-1-4-dr\/","title":{"rendered":"72 TOOTH RATCHET HANDLE, 1\/4&#8243; DR."},"content":{"rendered":"","protected":false},"excerpt":{"rendered":"<p>Nueva gama de llaves de carraca profesionales con 72 dientes.<br \/>\nFabricados de acero cromo vanadio con dientes fabricados de cromo molibdeno. Los dientes proporcionan un movimiento suave y preciso con 5 grados entre dientes.<br \/>\nMango acodado con empu\u00f1adura revistado de goma antideslizante y pulsador para la liberaci\u00f3n r\u00e1pida del vaso o accesorio.<\/p>\n<p><img decoding=\"async\" loading=\"lazy\" src=\"https:\/\/toolhub.es\/wp-content\/uploads\/2020\/02\/10211-10214-logo.jpg\" alt=\"\" width=\"158\" height=\"65\" class=\"alignnone size-full wp-image-18244\" \/><\/p>\n<p><strong>Cuadrado:<\/strong> 1\/4&#8243;<br \/>\n<strong>Largo:<\/strong> 152mm<\/p>\n","protected":false},"featured_media":26477,"template":"","meta":[],"product_cat":[231],"product_tag":[],"acf":[],"aioseo_notices":[],"_links":{"self":[{"href":"https:\/\/toolhub.es\/en\/wp-json\/wp\/v2\/product\/22102"}],"collection":[{"href":"https:\/\/toolhub.es\/en\/wp-json\/wp\/v2\/product"}],"about":[{"href":"https:\/\/toolhub.es\/en\/wp-json\/wp\/v2\/types\/product"}],"wp:featuredmedia":[{"embeddable":true,"href":"https:\/\/toolhub.es\/en\/wp-json\/wp\/v2\/media\/26477"}],"wp:attachment":[{"href":"https:\/\/toolhub.es\/en\/wp-json\/wp\/v2\/media?parent=22102"}],"wp:term":[{"taxonomy":"product_cat","embeddable":true,"href":"https:\/\/toolhub.es\/en\/wp-json\/wp\/v2\/product_cat?post=22102"},{"taxonomy":"product_tag","embeddable":true,"href":"https:\/\/toolhub.es\/en\/wp-json\/wp\/v2\/product_tag?post=22102"}],"curies":[{"name":"wp","href":"https:\/\/api.w.org\/{rel}","templated":true}]}}