{"id":22103,"date":"2023-03-21T09:37:33","date_gmt":"2023-03-21T09:37:33","guid":{"rendered":"https:\/\/toolhub.es\/producto\/carraca-72-dientes-3-8\/"},"modified":"2024-12-26T10:00:29","modified_gmt":"2024-12-26T10:00:29","slug":"carraca-72-dientes-3-8","status":"publish","type":"product","link":"https:\/\/toolhub.es\/en\/producto\/carraca-72-dientes-3-8\/","title":{"rendered":"72 TOOTH RATCHET HANDLE, 3\/8&#8243; DR."},"content":{"rendered":"","protected":false},"excerpt":{"rendered":"<p>Nueva gama de llaves de carraca profesionales con 72 dientes.<br \/>\nFabricados de acero cromo vanadio con dientes fabricados de cromo molibdeno. Los dientes proporcionan un movimiento suave y preciso con 5 grados entre dientes.<br \/>\nMango acodado con empu\u00f1adura revistado de goma antideslizante y pulsador para la liberaci\u00f3n r\u00e1pida del vaso o accesorio.<\/p>\n<p><img decoding=\"async\" loading=\"lazy\" src=\"https:\/\/toolhub.es\/wp-content\/uploads\/2020\/09\/10212-10214-logos.jpg\" alt=\"\" width=\"158\" height=\"65\" class=\"alignnone size-full wp-image-18245\" \/><\/p>\n<p><strong>Cuadrado:<\/strong> 3\/8&#8243;<br \/>\n<strong>Largo:<\/strong> 190mm<\/p>\n","protected":false},"featured_media":26478,"template":"","meta":[],"product_cat":[231],"product_tag":[],"acf":[],"aioseo_notices":[],"_links":{"self":[{"href":"https:\/\/toolhub.es\/en\/wp-json\/wp\/v2\/product\/22103"}],"collection":[{"href":"https:\/\/toolhub.es\/en\/wp-json\/wp\/v2\/product"}],"about":[{"href":"https:\/\/toolhub.es\/en\/wp-json\/wp\/v2\/types\/product"}],"wp:featuredmedia":[{"embeddable":true,"href":"https:\/\/toolhub.es\/en\/wp-json\/wp\/v2\/media\/26478"}],"wp:attachment":[{"href":"https:\/\/toolhub.es\/en\/wp-json\/wp\/v2\/media?parent=22103"}],"wp:term":[{"taxonomy":"product_cat","embeddable":true,"href":"https:\/\/toolhub.es\/en\/wp-json\/wp\/v2\/product_cat?post=22103"},{"taxonomy":"product_tag","embeddable":true,"href":"https:\/\/toolhub.es\/en\/wp-json\/wp\/v2\/product_tag?post=22103"}],"curies":[{"name":"wp","href":"https:\/\/api.w.org\/{rel}","templated":true}]}}