{"id":22126,"date":"2023-03-21T09:37:46","date_gmt":"2023-03-21T09:37:46","guid":{"rendered":"https:\/\/toolhub.es\/producto\/separador-universal-de-rotulas-de-direccion\/"},"modified":"2024-12-26T10:01:01","modified_gmt":"2024-12-26T10:01:01","slug":"separador-universal-de-rotulas-de-direccion","status":"publish","type":"product","link":"https:\/\/toolhub.es\/en\/producto\/separador-universal-de-rotulas-de-direccion\/","title":{"rendered":"UNIVERSAL STEERING KNUCKLE SPREADR TOOL SET"},"content":{"rendered":"","protected":false},"excerpt":{"rendered":"<p>Para separar y extraer las r\u00f3tulas de direcci\u00f3n sin da\u00f1arlas.<br \/>\nAjustable para r\u00f3tulas con o sin ranura centralizada.<br \/>\n2 insertos intercambiables (5 y 8mm de ancho) para la extensi\u00f3n y clavijas gu\u00eda de 8, 10 y 12mm<\/p>\n","protected":false},"featured_media":26502,"template":"","meta":[],"product_cat":[275],"product_tag":[],"acf":[],"aioseo_notices":[],"_links":{"self":[{"href":"https:\/\/toolhub.es\/en\/wp-json\/wp\/v2\/product\/22126"}],"collection":[{"href":"https:\/\/toolhub.es\/en\/wp-json\/wp\/v2\/product"}],"about":[{"href":"https:\/\/toolhub.es\/en\/wp-json\/wp\/v2\/types\/product"}],"wp:featuredmedia":[{"embeddable":true,"href":"https:\/\/toolhub.es\/en\/wp-json\/wp\/v2\/media\/26502"}],"wp:attachment":[{"href":"https:\/\/toolhub.es\/en\/wp-json\/wp\/v2\/media?parent=22126"}],"wp:term":[{"taxonomy":"product_cat","embeddable":true,"href":"https:\/\/toolhub.es\/en\/wp-json\/wp\/v2\/product_cat?post=22126"},{"taxonomy":"product_tag","embeddable":true,"href":"https:\/\/toolhub.es\/en\/wp-json\/wp\/v2\/product_tag?post=22126"}],"curies":[{"name":"wp","href":"https:\/\/api.w.org\/{rel}","templated":true}]}}