{"id":22161,"date":"2023-03-21T09:38:33","date_gmt":"2023-03-21T09:38:33","guid":{"rendered":"https:\/\/toolhub.es\/producto\/extractor-de-rueda-dentada-para-bomba-de-alta-presion-hyundai-kia-2-0-2-2-crdi\/"},"modified":"2024-12-26T10:01:51","modified_gmt":"2024-12-26T10:01:51","slug":"extractor-de-rueda-dentada-para-bomba-de-alta-presion-hyundai-kia-2-0-2-2-crdi","status":"publish","type":"product","link":"https:\/\/toolhub.es\/en\/producto\/extractor-de-rueda-dentada-para-bomba-de-alta-presion-hyundai-kia-2-0-2-2-crdi\/","title":{"rendered":"HIGH PRESSURE FUEL PUMP SPROCKET REMOVER, HYUNDAI\/KIA 2.0\/2.2 CRDI"},"content":{"rendered":"","protected":false},"excerpt":{"rendered":"<p>Utilizado para quitar el pi\u00f1\u00f3n de la bomba de combustible di\u00e9sel de alta presi\u00f3n en los motores Hyundai\/KIA (2.0 y 2.2 CRDi) accionados por cadena.<\/p>\n[supsystic-tables id=198]\n[supsystic-tables id=199]\n","protected":false},"featured_media":26537,"template":"","meta":[],"product_cat":[278],"product_tag":[],"acf":[],"aioseo_notices":[],"_links":{"self":[{"href":"https:\/\/toolhub.es\/en\/wp-json\/wp\/v2\/product\/22161"}],"collection":[{"href":"https:\/\/toolhub.es\/en\/wp-json\/wp\/v2\/product"}],"about":[{"href":"https:\/\/toolhub.es\/en\/wp-json\/wp\/v2\/types\/product"}],"wp:featuredmedia":[{"embeddable":true,"href":"https:\/\/toolhub.es\/en\/wp-json\/wp\/v2\/media\/26537"}],"wp:attachment":[{"href":"https:\/\/toolhub.es\/en\/wp-json\/wp\/v2\/media?parent=22161"}],"wp:term":[{"taxonomy":"product_cat","embeddable":true,"href":"https:\/\/toolhub.es\/en\/wp-json\/wp\/v2\/product_cat?post=22161"},{"taxonomy":"product_tag","embeddable":true,"href":"https:\/\/toolhub.es\/en\/wp-json\/wp\/v2\/product_tag?post=22161"}],"curies":[{"name":"wp","href":"https:\/\/api.w.org\/{rel}","templated":true}]}}