{"id":22977,"date":"2023-09-20T09:15:44","date_gmt":"2023-09-20T09:15:44","guid":{"rendered":"https:\/\/toolhub.es\/?post_type=product&#038;p=22977"},"modified":"2024-12-26T10:04:26","modified_gmt":"2024-12-26T10:04:26","slug":"herramienta-para-limpiar-labio-de-disco-de-freno","status":"publish","type":"product","link":"https:\/\/toolhub.es\/en\/producto\/herramienta-para-limpiar-labio-de-disco-de-freno\/","title":{"rendered":"BRAKE DISC LIP REMOVAL \/ CLEANING TOOL"},"content":{"rendered":"","protected":false},"excerpt":{"rendered":"<p>Dise\u00f1ada para rectificar el labio del disco de freno tanto interior como exterior y poder reutilizar el disco sin tener la necesidad de reemplazarlo por uno nuevo. Se ajusta la manivela a trav\u00e9s de un tornillo de la rueda y utilizaremos la cuchilla para rectificar el disco. F\u00e1cil y r\u00e1pido de utilizar para dejar nuestros discos nuevos.<\/p>\n","protected":false},"featured_media":26674,"template":"","meta":[],"product_cat":[274,286],"product_tag":[],"acf":[],"aioseo_notices":[],"_links":{"self":[{"href":"https:\/\/toolhub.es\/en\/wp-json\/wp\/v2\/product\/22977"}],"collection":[{"href":"https:\/\/toolhub.es\/en\/wp-json\/wp\/v2\/product"}],"about":[{"href":"https:\/\/toolhub.es\/en\/wp-json\/wp\/v2\/types\/product"}],"wp:featuredmedia":[{"embeddable":true,"href":"https:\/\/toolhub.es\/en\/wp-json\/wp\/v2\/media\/26674"}],"wp:attachment":[{"href":"https:\/\/toolhub.es\/en\/wp-json\/wp\/v2\/media?parent=22977"}],"wp:term":[{"taxonomy":"product_cat","embeddable":true,"href":"https:\/\/toolhub.es\/en\/wp-json\/wp\/v2\/product_cat?post=22977"},{"taxonomy":"product_tag","embeddable":true,"href":"https:\/\/toolhub.es\/en\/wp-json\/wp\/v2\/product_tag?post=22977"}],"curies":[{"name":"wp","href":"https:\/\/api.w.org\/{rel}","templated":true}]}}