{"id":23805,"date":"2024-02-14T11:16:31","date_gmt":"2024-02-14T11:16:31","guid":{"rendered":"https:\/\/toolhub.es\/?post_type=product&#038;p=23805"},"modified":"2025-03-14T10:34:50","modified_gmt":"2025-03-14T10:34:50","slug":"taco-elevador-para-tesla","status":"publish","type":"product","link":"https:\/\/toolhub.es\/en\/producto\/taco-elevador-para-tesla\/","title":{"rendered":"RUBBER ELEVATOR PAD &#8211; TESLA"},"content":{"rendered":"","protected":false},"excerpt":{"rendered":"<p><strong>Di\u00e1metro del tet\u00f3n: <\/strong>26cm.<\/p>\n<p><strong>Caracter\u00edsticas:<\/strong><br \/>\n&#8211; Indispensable para elevar el veh\u00edculo ya que sin este taco podr\u00edamos da\u00f1ar la bater\u00eda o el chasis.<br \/>\n&#8211; Actualizaci\u00f3n de O-Ring para no da\u00f1ar el alojamiento del soporte y tener una correcta fijaci\u00f3n.<\/p>\n","protected":false},"featured_media":27365,"template":"","meta":[],"product_cat":[284],"product_tag":[],"acf":[],"aioseo_notices":[],"_links":{"self":[{"href":"https:\/\/toolhub.es\/en\/wp-json\/wp\/v2\/product\/23805"}],"collection":[{"href":"https:\/\/toolhub.es\/en\/wp-json\/wp\/v2\/product"}],"about":[{"href":"https:\/\/toolhub.es\/en\/wp-json\/wp\/v2\/types\/product"}],"wp:featuredmedia":[{"embeddable":true,"href":"https:\/\/toolhub.es\/en\/wp-json\/wp\/v2\/media\/27365"}],"wp:attachment":[{"href":"https:\/\/toolhub.es\/en\/wp-json\/wp\/v2\/media?parent=23805"}],"wp:term":[{"taxonomy":"product_cat","embeddable":true,"href":"https:\/\/toolhub.es\/en\/wp-json\/wp\/v2\/product_cat?post=23805"},{"taxonomy":"product_tag","embeddable":true,"href":"https:\/\/toolhub.es\/en\/wp-json\/wp\/v2\/product_tag?post=23805"}],"curies":[{"name":"wp","href":"https:\/\/api.w.org\/{rel}","templated":true}]}}