{"id":23985,"date":"2024-05-14T14:36:59","date_gmt":"2024-05-14T14:36:59","guid":{"rendered":"https:\/\/toolhub.es\/?post_type=product&#038;p=23985"},"modified":"2024-12-26T10:08:14","modified_gmt":"2024-12-26T10:08:14","slug":"espuma-multifincion-750ml","status":"publish","type":"product","link":"https:\/\/toolhub.es\/en\/producto\/espuma-multifincion-750ml\/","title":{"rendered":"F0800\/\/ESPUMA MULTIFUNCION 750ML."},"content":{"rendered":"","protected":false},"excerpt":{"rendered":"<p>Limpia en profundidad todo tipo de superficies. Penetra de forma r\u00e1pida y eficaz. Excelente brillo final. Limpia tapicer\u00edas, salpicaderos, techos de veh\u00edculos, pl\u00e1sticos, gomas, cauchos,<br \/>\ncarrocer\u00edas, neum\u00e1ticos, policarbonatos, etc&#8230;<br \/>\nAgradable olor a naranja.<\/p>\n","protected":false},"featured_media":26954,"template":"","meta":[],"product_cat":[283],"product_tag":[],"acf":[],"aioseo_notices":[],"_links":{"self":[{"href":"https:\/\/toolhub.es\/en\/wp-json\/wp\/v2\/product\/23985"}],"collection":[{"href":"https:\/\/toolhub.es\/en\/wp-json\/wp\/v2\/product"}],"about":[{"href":"https:\/\/toolhub.es\/en\/wp-json\/wp\/v2\/types\/product"}],"wp:featuredmedia":[{"embeddable":true,"href":"https:\/\/toolhub.es\/en\/wp-json\/wp\/v2\/media\/26954"}],"wp:attachment":[{"href":"https:\/\/toolhub.es\/en\/wp-json\/wp\/v2\/media?parent=23985"}],"wp:term":[{"taxonomy":"product_cat","embeddable":true,"href":"https:\/\/toolhub.es\/en\/wp-json\/wp\/v2\/product_cat?post=23985"},{"taxonomy":"product_tag","embeddable":true,"href":"https:\/\/toolhub.es\/en\/wp-json\/wp\/v2\/product_tag?post=23985"}],"curies":[{"name":"wp","href":"https:\/\/api.w.org\/{rel}","templated":true}]}}