{"id":24003,"date":"2024-05-14T15:27:36","date_gmt":"2024-05-14T15:27:36","guid":{"rendered":"https:\/\/toolhub.es\/?post_type=product&#038;p=24003"},"modified":"2024-12-26T10:08:22","modified_gmt":"2024-12-26T10:08:22","slug":"pintura-anticalorica-plata-400ml","status":"publish","type":"product","link":"https:\/\/toolhub.es\/en\/producto\/pintura-anticalorica-plata-400ml\/","title":{"rendered":"PINTURA ANTICALORICA PLATA 400 ML."},"content":{"rendered":"","protected":false},"excerpt":{"rendered":"<p>Pintura de acabado resistente a altas temperaturas. Protege contra la corrosi\u00f3n y oxidaci\u00f3n. Alta adherencia sobre superficies met\u00e1licas. Excelente nivel de acabado. Ideal para el repintado de piezas con un alto nivel de exposici\u00f3n a altas temperaturas tales como tubos de escape, radiadores, hornos, etc&#8230; Secado r\u00e1pido. Agitar antes de usar.<br \/>\nPulverizar a una distancia de al menos 15cm.<\/p>\n","protected":false},"featured_media":26961,"template":"","meta":[],"product_cat":[283],"product_tag":[],"acf":[],"aioseo_notices":[],"_links":{"self":[{"href":"https:\/\/toolhub.es\/en\/wp-json\/wp\/v2\/product\/24003"}],"collection":[{"href":"https:\/\/toolhub.es\/en\/wp-json\/wp\/v2\/product"}],"about":[{"href":"https:\/\/toolhub.es\/en\/wp-json\/wp\/v2\/types\/product"}],"wp:featuredmedia":[{"embeddable":true,"href":"https:\/\/toolhub.es\/en\/wp-json\/wp\/v2\/media\/26961"}],"wp:attachment":[{"href":"https:\/\/toolhub.es\/en\/wp-json\/wp\/v2\/media?parent=24003"}],"wp:term":[{"taxonomy":"product_cat","embeddable":true,"href":"https:\/\/toolhub.es\/en\/wp-json\/wp\/v2\/product_cat?post=24003"},{"taxonomy":"product_tag","embeddable":true,"href":"https:\/\/toolhub.es\/en\/wp-json\/wp\/v2\/product_tag?post=24003"}],"curies":[{"name":"wp","href":"https:\/\/api.w.org\/{rel}","templated":true}]}}