{"id":24007,"date":"2024-05-14T15:37:41","date_gmt":"2024-05-14T15:37:41","guid":{"rendered":"https:\/\/toolhub.es\/?post_type=product&#038;p=24007"},"modified":"2024-12-26T10:08:25","modified_gmt":"2024-12-26T10:08:25","slug":"imprimacion-aluminio-zinc-400ml","status":"publish","type":"product","link":"https:\/\/toolhub.es\/en\/producto\/imprimacion-aluminio-zinc-400ml\/","title":{"rendered":"ALUMINIO + ZINC 400 ML."},"content":{"rendered":"","protected":false},"excerpt":{"rendered":"<p>Imprimaci\u00f3n anticorrosiva de larga duraci\u00f3n a base de Aluminio y Zinc. Resistente a los agentes atmosf\u00e9ricos, rayos UV, soluciones alcalinas, aceites minerales, abrasi\u00f3n, etc&#8230;<br \/>\nResistente a temperaturas de -30\u00baC a 500\u00baC. Secado r\u00e1pido. F\u00e1cil de lijar. Agitar antes de usar. Pulverizar a una distancia de al menos 15cm.<\/p>\n","protected":false},"featured_media":26963,"template":"","meta":[],"product_cat":[283],"product_tag":[],"acf":[],"aioseo_notices":[],"_links":{"self":[{"href":"https:\/\/toolhub.es\/en\/wp-json\/wp\/v2\/product\/24007"}],"collection":[{"href":"https:\/\/toolhub.es\/en\/wp-json\/wp\/v2\/product"}],"about":[{"href":"https:\/\/toolhub.es\/en\/wp-json\/wp\/v2\/types\/product"}],"wp:featuredmedia":[{"embeddable":true,"href":"https:\/\/toolhub.es\/en\/wp-json\/wp\/v2\/media\/26963"}],"wp:attachment":[{"href":"https:\/\/toolhub.es\/en\/wp-json\/wp\/v2\/media?parent=24007"}],"wp:term":[{"taxonomy":"product_cat","embeddable":true,"href":"https:\/\/toolhub.es\/en\/wp-json\/wp\/v2\/product_cat?post=24007"},{"taxonomy":"product_tag","embeddable":true,"href":"https:\/\/toolhub.es\/en\/wp-json\/wp\/v2\/product_tag?post=24007"}],"curies":[{"name":"wp","href":"https:\/\/api.w.org\/{rel}","templated":true}]}}