{"id":17424,"date":"2021-12-01T16:46:39","date_gmt":"2021-12-01T16:46:39","guid":{"rendered":"https:\/\/toolhub.es\/?page_id=17424"},"modified":"2024-12-26T11:56:43","modified_gmt":"2024-12-26T11:56:43","slug":"quienes-somos","status":"publish","type":"page","link":"https:\/\/toolhub.es\/es\/quienes-somos\/","title":{"rendered":"Quienes somos"},"content":{"rendered":"<div class=\"wpb-content-wrapper\"><p>[vc_row][vc_column]\r\n\t<div class=\"bauer-spacer clearfix\" data-desktop=\"100\" data-mobi=\"30\" data-smobi=\"10\"><\/div>[\/vc_column][\/vc_row][vc_row img_halfrow=\u00bbsimple\u00bb halfrow_image=\u00bb9513&#8243; img_columns=\u00bb6columns\u00bb img_position=\u00bbimgleft\u00bb image_video=\u00bbhttps:\/\/www.youtube.com\/watch?v=z5TbQRInk0A\u00bb][vc_column width=\u00bb1\/2&#8243;][\/vc_column][vc_column width=\u00bb1\/2&#8243;]<div class=\"bauer-content-box clearfix \" data-padding=\"0% 0% 0% 20%\" data-mobipadding=\"0% 0% 0% 0%\" data-margin=\"\" data-mobimargin=\"\" >\r\n\t\t<div class=\"inner ctb-1947476964\" style=\"\"  data-background=\"\">\r\n\t\t\t\r\n\t<div class=\"bauer-spacer clearfix\" data-desktop=\"10\" data-mobi=\"10\" data-smobi=\"10\"><\/div><div class=\"bauer-single-heading clearfix \" style=\"margin-bottom:25px;\"><span class=\"inner\"><span class=\"heading clearfix \" style=\"font-weight:600;color:#cacaca;font-size:16px;\">\r\n\t\tBIENVENIDOS A TOOLHUB\r\n\t<\/span><\/span><\/div><h1 class=\"bauer-text clearfix \" style=\"font-size:42px;line-height:50px;margin-bottom:30px;\"><p>Herramientas <span class=\"font-weight-300\">Profesionales<\/span><\/p>\n<\/h1>\r\n\t<div class=\"bauer-spacer clearfix\" data-desktop=\"10\" data-mobi=\"10\" data-smobi=\"10\"><\/div><h2 class=\"bauer-text clearfix \" style=\"font-size:16px;\"><p>Dedicados al mundo de la venta de <strong>herramientas y utillaje de automoci\u00f3n<\/strong>, <strong>Toolrack S.L<\/strong> y su marca registrada europea <strong>Toolhub\u00ae<\/strong>, lleva m\u00e1s de 15 a\u00f1os en este sector, ofreciendo la mejor calidad, el mejor servicio pre-venta\/post-venta a todos sus clientes.<\/p>\n<\/h2><div class=\"bauer-text clearfix \" style=\"\"><p>Contamos con sedes <strong>Toolhub\u00ae<\/strong>, en <strong>Reino Unido, Ruman\u00eda e Islas Canarias<\/strong>, haciendo que la entrega de nuestros productos llegue a cualquier parte de Europa de forma r\u00e1pida y eficaz.<\/p>\n<p>Somos un equipo humano respaldado por su gran experiencia que le ayudar\u00e1 a resolver cualquier duda y que le informar\u00e1 en todo momento de cu\u00e1l es la herramienta o \u00fatil m\u00e1s adecuado a las necesidades de sus clientes en nuestro af\u00e1n por ofrecer siempre el mejor servicio.<\/p>\n<\/div>\r\n\t<div class=\"bauer-spacer clearfix\" data-desktop=\"40\" data-mobi=\"20\" data-smobi=\"10\"><\/div>\r\n\t\t<\/div>\r\n\t<\/div>[\/vc_column][\/vc_row][vc_row][vc_column]\r\n\t<div class=\"bauer-spacer clearfix\" data-desktop=\"75\" data-mobi=\"40\" data-smobi=\"20\"><\/div>[\/vc_column][\/vc_row][vc_row css=\u00bb.vc_custom_1573060304132{background-color: #ededed !important;background-position: center !important;background-repeat: no-repeat !important;background-size: cover !important;}\u00bb el_id=\u00bbfirst-row\u00bb][vc_column]\r\n\t<div class=\"bauer-spacer clearfix\" data-desktop=\"50\" data-mobi=\"30\" data-smobi=\"20\"><\/div>[vc_row_inner][vc_column_inner width=\u00bb1\/2&#8243;]\r\n\t<div class=\"bauer-spacer clearfix\" data-desktop=\"65\" data-mobi=\"40\" data-smobi=\"30\"><\/div><div class=\"bauer-single-heading clearfix \" style=\"margin-bottom:24px;\"><span class=\"inner\"><span class=\"heading clearfix \" style=\"font-weight:600;color:#777777;font-size:16px;\">\r\n\t\tGARANT\u00cdA DE CALIDAD\r\n\t<\/span><\/span><\/div><h2 class=\"bauer-text clearfix \" style=\"font-size:42px;line-height:50px;margin-bottom:30px;\"><p>Sello <span class=\"font-weight-300\">de Garant\u00eda Toolhub<\/span><\/p>\n<\/h2><div class=\"bauer-text clearfix \" style=\"color:#414042;\"><p><strong>Toolhub\u00ae<\/strong> ofrece a todos sus clientes un <strong>Sello de Calidad<\/strong> que garantiza que todo nuestros productos han sido verificados convenientemente y que han pasado los controles de calidad, cumpliendo las m\u00e1ximas exigencias solicitadas a nuestros fabricantes.<\/p>\n<\/div>\r\n\t<div class=\"bauer-spacer clearfix\" data-desktop=\"20\" data-mobi=\"30\" data-smobi=\"10\"><\/div><div class=\"bauer-text clearfix \" style=\"color:#414042;\"><p>Nuestro <strong>Sello de Calidad Toolhub\u00ae<\/strong>, se complementa con una Garant\u00eda por defectos materiales o de fabricaci\u00f3n. Esta Garant\u00eda tiene un periodo de un a\u00f1o desde su compra. <strong>Toolhub\u00ae garantiza todos sus productos<\/strong> y se compromete a reparar, sustituir o abonar \u00edntegramente el importe de su compra, si corresponde la Garant\u00eda por alg\u00fan defecto del art\u00edculo.<\/p>\n<\/div>\r\n\t<div class=\"bauer-spacer clearfix\" data-desktop=\"100\" data-mobi=\"50\" data-smobi=\"30\"><\/div><div class=\"button-wrap icon-right\" style=\"\" ><a href=\"\/toolhub\/catalogo-de-productos-toolhub\/\" target=\"_self\" class=\"bauer-button btn-423527952 medium no_icon custom outline solid custom\" style=\"border-radius:30px;border-width:2px;\"  data-background=\"\" data-border=\"#d33030\" data-text=\"#d33030\" data-text-hover=\"#ffffff\" data-background-hover=\"#d33030\">\r\n\t\t<span style=\"\">Ver productos <\/span>\r\n\t<\/a><\/div>[\/vc_column_inner][vc_column_inner width=\u00bb1\/2&#8243;]<div class=\"bauer-simple-image text-center\" style=\"\" >\r\n\t\t\t<img alt=\"image\" src=\"https:\/\/toolhub.es\/wp-content\/uploads\/2019\/11\/garantia.jpg\" \/> \r\n\t\t<\/div>[\/vc_column_inner][\/vc_row_inner]\r\n\t<div class=\"bauer-spacer clearfix\" data-desktop=\"50\" data-mobi=\"30\" data-smobi=\"10\"><\/div>[\/vc_column][\/vc_row][vc_row][vc_column]\r\n\t<div class=\"bauer-spacer clearfix\" data-desktop=\"75\" data-mobi=\"40\" data-smobi=\"20\"><\/div>[\/vc_column][\/vc_row][vc_row css=\u00bb.vc_custom_1557825100635{background-image: url(https:\/\/toolhub.es\/wp-content\/uploads\/2019\/05\/section-bg1-2-1.png?id=8072) !important;background-position: center !important;background-repeat: no-repeat !important;background-size: cover !important;}\u00bb][vc_column][vc_row_inner][vc_column_inner width=\u00bb1\/2&#8243;]<div class=\"bauer-icon-box clearfix icon-left align-left hover-style-2 simple\" style=\"background-color:#ffffff;padding:25px 25px 27px;border-radius:5px;border:1px solid #e7e7e7;\" ><div class=\"hover\" style=\"border-radius:5px;\"><\/div><div class=\"wrap-inner\" style=\"position: relative;\"><div class=\"bauer-icon icon-641423436 accent custom\"  data-background=\"\">\r\n\t\t\t\t<span class=\"icon\" style=\"font-size:50px;width:50px;height:50px;border-style:solid;line-height:50px;\"><i class=\"vc_li vc_li-user\"><\/i><\/span>\r\n\t\t\t<\/div> <h3 class=\"heading \" style=\"padding-left:75px;font-size:20px;line-height:24px;margin-bottom:12px;\">\r\n\t\t\t<span>Atenci\u00f3n al cliente<\/span>\r\n\t\t<\/h3><div class=\"desc\" style=\"padding-left:75px;\"><p>le atenderemos gustosamente para cualquier duda o consulta que precise, as\u00ed como para ponerle en contacto con su distribuidor m\u00e1s cercano.<br \/>\nPuede contactar con nosotros v\u00eda mail en <a href=\"mailto:info@toolhub.es\">info@toolhub.es<\/a>, o a trav\u00e9s del tel\u00e9fono 952 41 73 23<\/p>\n<\/div> <div class=\"hover\" style=\"border-radius:5px;\"><\/div><\/div><\/div>\r\n\t<div class=\"bauer-spacer clearfix\" data-desktop=\"0\" data-mobi=\"30\" data-smobi=\"30\"><\/div>[\/vc_column_inner][vc_column_inner width=\u00bb1\/2&#8243;]<div class=\"bauer-icon-box clearfix icon-left align-left hover-style-2 simple\" style=\"background-color:#ffffff;padding:25px 25px 27px;border-radius:5px;border:1px solid #e7e7e7;\" ><div class=\"hover\" style=\"border-radius:5px;\"><\/div><div class=\"wrap-inner\" style=\"position: relative;\"><div class=\"bauer-icon icon-1740375594 accent custom\"  data-background=\"\">\r\n\t\t\t\t<span class=\"icon\" style=\"font-size:50px;width:50px;height:50px;border-style:solid;line-height:50px;\"><i class=\"vc_li vc_li-truck\"><\/i><\/span>\r\n\t\t\t<\/div> <h3 class=\"heading \" style=\"padding-left:75px;font-size:20px;line-height:24px;margin-bottom:12px;\">\r\n\t\t\t<span>Env\u00edos efectivos<\/span>\r\n\t\t<\/h3><div class=\"desc\" style=\"padding-left:75px;\"><p>La entrega r\u00e1pida y efectiva es el elemento decisivo del servicio ofrecido por <strong>TOOLHUB\u00ae<\/strong> . Para lograrlo confiamos nuestros env\u00edos a los mejores operadores log\u00edsticos nacionales e internacionales los cuales llevar\u00e1n tu pedido a la direcci\u00f3n que nos indiques y con la mayor urgencia posible.<\/p>\n<\/div> <div class=\"hover\" style=\"border-radius:5px;\"><\/div><\/div><\/div>\r\n\t<div class=\"bauer-spacer clearfix\" data-desktop=\"0\" data-mobi=\"30\" data-smobi=\"30\"><\/div>[\/vc_column_inner][\/vc_row_inner]\r\n\t<div class=\"bauer-spacer clearfix\" data-desktop=\"100\" data-mobi=\"60\" data-smobi=\"60\"><\/div>[\/vc_column][\/vc_row]<\/p>\n<\/div>","protected":false},"excerpt":{"rendered":"<p>[vc_row][vc_column][\/vc_column][\/vc_row][vc_row img_halfrow=\u00bbsimple\u00bb halfrow_image=\u00bb9513&#8243; img_columns=\u00bb6columns\u00bb img_position=\u00bbimgleft\u00bb image_video=\u00bbhttps:\/\/www.youtube.com\/watch?v=z5TbQRInk0A\u00bb][vc_column width=\u00bb1\/2&#8243;][\/vc_column][vc_column width=\u00bb1\/2&#8243;][\/vc_column][\/vc_row][vc_row][vc_column][\/vc_column][\/vc_row][vc_row css=\u00bb.vc_custom_1573060304132{background-color: #ededed !important;background-position: center !important;background-repeat: no-repeat !important;background-size: cover !important;}\u00bb el_id=\u00bbfirst-row\u00bb][vc_column][vc_row_inner][vc_column_inner width=\u00bb1\/2&#8243;][\/vc_column_inner][vc_column_inner width=\u00bb1\/2&#8243;][\/vc_column_inner][\/vc_row_inner][\/vc_column][\/vc_row][vc_row][vc_column][\/vc_column][\/vc_row][vc_row css=\u00bb.vc_custom_1557825100635{background-image: url(https:\/\/toolhub.es\/wp-content\/uploads\/2019\/05\/section-bg1-2-1.png?id=8072) !important;background-position: center !important;background-repeat: no-repeat !important;background-size: cover !important;}\u00bb][vc_column][vc_row_inner][vc_column_inner width=\u00bb1\/2&#8243;][\/vc_column_inner][vc_column_inner width=\u00bb1\/2&#8243;][\/vc_column_inner][\/vc_row_inner][\/vc_column][\/vc_row]<\/p>\n","protected":false},"author":1,"featured_media":0,"parent":0,"menu_order":0,"comment_status":"closed","ping_status":"closed","template":"","meta":{"footnotes":""},"acf":[],"aioseo_notices":[],"_links":{"self":[{"href":"https:\/\/toolhub.es\/es\/wp-json\/wp\/v2\/pages\/17424"}],"collection":[{"href":"https:\/\/toolhub.es\/es\/wp-json\/wp\/v2\/pages"}],"about":[{"href":"https:\/\/toolhub.es\/es\/wp-json\/wp\/v2\/types\/page"}],"author":[{"embeddable":true,"href":"https:\/\/toolhub.es\/es\/wp-json\/wp\/v2\/users\/1"}],"replies":[{"embeddable":true,"href":"https:\/\/toolhub.es\/es\/wp-json\/wp\/v2\/comments?post=17424"}],"version-history":[{"count":0,"href":"https:\/\/toolhub.es\/es\/wp-json\/wp\/v2\/pages\/17424\/revisions"}],"wp:attachment":[{"href":"https:\/\/toolhub.es\/es\/wp-json\/wp\/v2\/media?parent=17424"}],"curies":[{"name":"wp","href":"https:\/\/api.w.org\/{rel}","templated":true}]}}