{"id":27412,"date":"2025-04-04T14:42:02","date_gmt":"2025-04-04T14:42:02","guid":{"rendered":"https:\/\/toolhub.es\/es\/?page_id=27412"},"modified":"2026-02-12T15:59:05","modified_gmt":"2026-02-12T15:59:05","slug":"catalogos-toolhub-2025-2026","status":"publish","type":"page","link":"https:\/\/toolhub.es\/es\/catalogos-toolhub-2025-2026\/","title":{"rendered":"CATALOGOS-TOOLHUB"},"content":{"rendered":"<div class=\"wpb-content-wrapper\"><p>[vc_row css=\u00bb.vc_custom_1558595409249{background-image: url(http:\/\/ninzio.com\/bauer\/wp-content\/uploads\/2019\/05\/section-bg1-1.png?id=7977) !important;background-position: center !important;background-repeat: no-repeat !important;background-size: cover !important;}\u00bb el_id=\u00bbfirst-row\u00bb][vc_column width=\u00bb1\/6&#8243;][\/vc_column][vc_column width=\u00bb2\/3&#8243;][vc_row_inner][vc_column_inner offset=\u00bbvc_hidden-sm vc_hidden-xs\u00bb]\r\n\t<div class=\"bauer-spacer clearfix\" data-desktop=\"30\" data-mobi=\"30\" data-smobi=\"20\"><\/div><div class=\"bauer-single-heading clearfix text-center\" style=\"margin-bottom:24px;\"><span class=\"inner\"><span class=\"heading clearfix  accent\" style=\"font-weight:600;font-size:16px;\">\r\n\t\tMEDIA\r\n\t<\/span><\/span><\/div><h2 class=\"bauer-text clearfix text-center\" style=\"font-size:42px;line-height:50px;margin-bottom:30px;\"><p><span style=\"font-family: akrobat; font-size: 50px;\">Cat\u00e1logos de <span class=\"font-weight-300\">Productos, Ofertas, Promociones, Novedades<\/span><\/span><\/p>\n<\/h2><div class=\"bauer-text clearfix text-center\" style=\"font-size:18px;line-height:30px;color:#777777;max-width:750px;margin-left: auto; margin-right: auto;\"><p><span style=\"font-family: akrobat; font-size: 20px;\">Encuentra una selecci\u00f3n de nuestros \u00faltimos cat\u00e1logos siempre accesibles online.<\/span><\/p>\n<\/div>[\/vc_column_inner][\/vc_row_inner][vc_row_inner][vc_column_inner offset=\u00bbvc_hidden-lg vc_hidden-md\u00bb]\r\n\t<div class=\"bauer-spacer clearfix\" data-desktop=\"30\" data-mobi=\"30\" data-smobi=\"20\"><\/div><div class=\"bauer-single-heading clearfix text-center\" style=\"margin-bottom:15px;\"><span class=\"inner\"><span class=\"heading clearfix  accent\" style=\"font-weight:600;font-size:16px;\">\r\n\t\tMEDIA\r\n\t<\/span><\/span><\/div><h2 class=\"bauer-text clearfix text-center\" style=\"font-size:42px;line-height:50px;margin-bottom:15px;\"><p><span style=\"font-family: akrobat; font-size: 46px; line-height: 28px; letter-spacing: -2px;\">Cat\u00e1logos TOOLHUB<\/span><\/p>\n<\/h2><div class=\"bauer-text clearfix text-center\" style=\"font-size:18px;line-height:30px;color:#777777;max-width:750px;margin-left: auto; margin-right: auto;\"><p><span style=\"font-family: akrobat; font-size: 20px;\">Encuentra una selecci\u00f3n de nuestros \u00faltimos cat\u00e1logos siempre accesibles online.<\/span><\/p>\n<\/div>[\/vc_column_inner][\/vc_row_inner][vc_row_inner][vc_column_inner][\/vc_column_inner][\/vc_row_inner][\/vc_column][vc_column width=\u00bb1\/6&#8243;][\/vc_column][\/vc_row][vc_row][vc_column]\r\n\t<div class=\"bauer-spacer clearfix\" data-desktop=\"40\" data-mobi=\"30\" data-smobi=\"20\"><\/div>[\/vc_column][\/vc_row][vc_row][vc_column offset=\u00bbvc_hidden-lg vc_hidden-md\u00bb][vc_single_image image=\u00bb27471&#8243; css=\u00bb\u00bb]\r\n\t<div class=\"bauer-spacer clearfix\" data-desktop=\"16\" data-mobi=\"10\" data-smobi=\"10\"><\/div>[\/vc_column][\/vc_row][vc_row][vc_column width=\u00bb2\/3&#8243; offset=\u00bbvc_hidden-sm vc_hidden-xs\u00bb][vc_single_image image=\u00bb27776&#8243; add_caption=\u00bbyes\u00bb alignment=\u00bbcenter\u00bb style=\u00bbvc_box_rounded\u00bb onclick=\u00bbcustom_link\u00bb img_link_target=\u00bb_blank\u00bb css_animation=\u00bbfadeIn\u00bb css=\u00bb\u00bb link=\u00bbhttps:\/\/toolhub.es\/pdf\/2025\/toolhub-catalogo-2025.pdf\u00bb][\/vc_column][vc_column width=\u00bb1\/3&#8243;][vc_single_image image=\u00bb27818&#8243; add_caption=\u00bbyes\u00bb alignment=\u00bbcenter\u00bb style=\u00bbvc_box_rounded\u00bb onclick=\u00bbcustom_link\u00bb img_link_target=\u00bb_blank\u00bb css_animation=\u00bbfadeIn\u00bb css=\u00bb\u00bb link=\u00bbhttps:\/\/toolhub.es\/pdf\/2026\/Talleres%202026.pdf\u00bb][\/vc_column][\/vc_row][vc_row][vc_column]\r\n\t<div class=\"bauer-spacer clearfix\" data-desktop=\"25\" data-mobi=\"10\" data-smobi=\"10\"><\/div>[vc_row_inner][vc_column_inner width=\u00bb1\/4&#8243;][vc_single_image image=\u00bb27489&#8243; add_caption=\u00bbyes\u00bb alignment=\u00bbcenter\u00bb style=\u00bbvc_box_rounded\u00bb onclick=\u00bbcustom_link\u00bb img_link_target=\u00bb_blank\u00bb css_animation=\u00bbfadeIn\u00bb css=\u00bb\u00bb link=\u00bbhttps:\/\/toolhub.es\/pdf\/catalogo2025\/2025toolhub-herramienta-manual.pdf\u00bb][\/vc_column_inner][vc_column_inner width=\u00bb1\/4&#8243;][vc_single_image image=\u00bb27490&#8243; add_caption=\u00bbyes\u00bb alignment=\u00bbcenter\u00bb style=\u00bbvc_box_rounded\u00bb onclick=\u00bbcustom_link\u00bb img_link_target=\u00bb_blank\u00bb css_animation=\u00bbfadeIn\u00bb css=\u00bb\u00bb link=\u00bbhttps:\/\/toolhub.es\/pdf\/catalogo2025\/2025toolhub-motor.pdf\u00bb][\/vc_column_inner][vc_column_inner width=\u00bb1\/4&#8243;][vc_single_image image=\u00bb27492&#8243; add_caption=\u00bbyes\u00bb alignment=\u00bbcenter\u00bb style=\u00bbvc_box_rounded\u00bb onclick=\u00bbcustom_link\u00bb img_link_target=\u00bb_blank\u00bb css_animation=\u00bbfadeIn\u00bb css=\u00bb\u00bb link=\u00bbhttps:\/\/toolhub.es\/pdf\/catalogo2025\/2025toolhub-iluminacion.pdf\u00bb][\/vc_column_inner][vc_column_inner width=\u00bb1\/4&#8243;][vc_single_image image=\u00bb27502&#8243; add_caption=\u00bbyes\u00bb alignment=\u00bbcenter\u00bb style=\u00bbvc_box_rounded\u00bb onclick=\u00bbcustom_link\u00bb img_link_target=\u00bb_blank\u00bb css_animation=\u00bbfadeIn\u00bb css=\u00bb\u00bb link=\u00bbhttps:\/\/toolhub.es\/pdf\/catalogo2025\/2025toolhub-frenos.pdf\u00bb][\/vc_column_inner][\/vc_row_inner]\r\n\t<div class=\"bauer-spacer clearfix\" data-desktop=\"25\" data-mobi=\"10\" data-smobi=\"10\"><\/div>[vc_row_inner][vc_column_inner width=\u00bb1\/4&#8243;][vc_single_image image=\u00bb27496&#8243; add_caption=\u00bbyes\u00bb alignment=\u00bbcenter\u00bb style=\u00bbvc_box_rounded\u00bb onclick=\u00bbcustom_link\u00bb img_link_target=\u00bb_blank\u00bb css_animation=\u00bbfadeIn\u00bb css=\u00bb\u00bb link=\u00bbhttps:\/\/toolhub.es\/pdf\/catalogo2025\/2025toolhub-suspension.pdf\u00bb][\/vc_column_inner][vc_column_inner width=\u00bb1\/4&#8243;][vc_single_image image=\u00bb27495&#8243; add_caption=\u00bbyes\u00bb alignment=\u00bbcenter\u00bb style=\u00bbvc_box_rounded\u00bb onclick=\u00bbcustom_link\u00bb img_link_target=\u00bb_blank\u00bb css_animation=\u00bbfadeIn\u00bb css=\u00bb\u00bb link=\u00bbhttps:\/\/toolhub.es\/pdf\/catalogo2025\/2025toolhub-ruedas-neumaticos.pdf\u00bb][\/vc_column_inner][vc_column_inner width=\u00bb1\/4&#8243;][vc_single_image image=\u00bb27500&#8243; add_caption=\u00bbyes\u00bb alignment=\u00bbcenter\u00bb style=\u00bbvc_box_rounded\u00bb onclick=\u00bbcustom_link\u00bb img_link_target=\u00bb_blank\u00bb css_animation=\u00bbfadeIn\u00bb css=\u00bb\u00bb link=\u00bbhttps:\/\/toolhub.es\/pdf\/catalogo2025\/2025toolhub-electricidad.pdf\u00bb][\/vc_column_inner][vc_column_inner width=\u00bb1\/4&#8243;][vc_single_image image=\u00bb27498&#8243; add_caption=\u00bbyes\u00bb alignment=\u00bbcenter\u00bb style=\u00bbvc_box_rounded\u00bb onclick=\u00bbcustom_link\u00bb img_link_target=\u00bb_blank\u00bb css_animation=\u00bbfadeIn\u00bb css=\u00bb\u00bb link=\u00bbhttps:\/\/toolhub.es\/pdf\/catalogo2025\/2025toolhub-chapa y pintura.pdf\u00bb][\/vc_column_inner][\/vc_row_inner]\r\n\t<div class=\"bauer-spacer clearfix\" data-desktop=\"25\" data-mobi=\"10\" data-smobi=\"10\"><\/div>[vc_row_inner][vc_column_inner width=\u00bb1\/4&#8243;][vc_single_image image=\u00bb27494&#8243; add_caption=\u00bbyes\u00bb alignment=\u00bbcenter\u00bb style=\u00bbvc_box_rounded\u00bb onclick=\u00bbcustom_link\u00bb img_link_target=\u00bb_blank\u00bb css_animation=\u00bbfadeIn\u00bb css=\u00bb\u00bb link=\u00bbhttps:\/\/toolhub.es\/pdf\/catalogo2025\/2025toolhub-inalambricas neumaticas.pdf\u00bb][\/vc_column_inner][vc_column_inner width=\u00bb1\/4&#8243;][vc_single_image image=\u00bb27501&#8243; add_caption=\u00bbyes\u00bb alignment=\u00bbcenter\u00bb style=\u00bbvc_box_rounded\u00bb onclick=\u00bbcustom_link\u00bb img_link_target=\u00bb_blank\u00bb css_animation=\u00bbfadeIn\u00bb css=\u00bb\u00bb link=\u00bbhttps:\/\/toolhub.es\/pdf\/catalogo2025\/2025toolhub-equipamiento taller.pdf\u00bb][\/vc_column_inner][vc_column_inner width=\u00bb1\/4&#8243;][vc_single_image image=\u00bb27493&#8243; add_caption=\u00bbyes\u00bb alignment=\u00bbcenter\u00bb style=\u00bbvc_box_rounded\u00bb onclick=\u00bbcustom_link\u00bb img_link_target=\u00bb_blank\u00bb css_animation=\u00bbfadeIn\u00bb css=\u00bb\u00bb link=\u00bbhttps:\/\/toolhub.es\/pdf\/catalogo2025\/2025toolhub-lubricacion.pdf\u00bb][\/vc_column_inner][vc_column_inner width=\u00bb1\/4&#8243;][vc_single_image image=\u00bb27497&#8243; add_caption=\u00bbyes\u00bb alignment=\u00bbcenter\u00bb style=\u00bbvc_box_rounded\u00bb onclick=\u00bbcustom_link\u00bb img_link_target=\u00bb_blank\u00bb css_animation=\u00bbfadeIn\u00bb css=\u00bb\u00bb link=\u00bbhttps:\/\/toolhub.es\/pdf\/catalogo2025\/2025toolhub-tacos.pdf\u00bb][\/vc_column_inner][\/vc_row_inner]\r\n\t<div class=\"bauer-spacer clearfix\" data-desktop=\"25\" data-mobi=\"10\" data-smobi=\"10\"><\/div>[vc_row_inner][vc_column_inner width=\u00bb1\/4&#8243;][vc_single_image image=\u00bb27499&#8243; add_caption=\u00bbyes\u00bb alignment=\u00bbcenter\u00bb style=\u00bbvc_box_rounded\u00bb onclick=\u00bbcustom_link\u00bb img_link_target=\u00bb_blank\u00bb css_animation=\u00bbfadeIn\u00bb css=\u00bb\u00bb link=\u00bbhttps:\/\/toolhub.es\/pdf\/catalogo2025\/2025toolhub-consumibles.pdf\u00bb][\/vc_column_inner][vc_column_inner width=\u00bb1\/4&#8243;][vc_single_image image=\u00bb27491&#8243; add_caption=\u00bbyes\u00bb alignment=\u00bbcenter\u00bb style=\u00bbvc_box_rounded\u00bb onclick=\u00bbcustom_link\u00bb img_link_target=\u00bb_blank\u00bb css_animation=\u00bbfadeIn\u00bb css=\u00bb\u00bb link=\u00bbhttps:\/\/toolhub.es\/pdf\/catalogo2025\/2025toolhub-grapas.pdf\u00bb][\/vc_column_inner][vc_column_inner width=\u00bb1\/4&#8243;][vc_single_image image=\u00bb27487&#8243; add_caption=\u00bbyes\u00bb alignment=\u00bbcenter\u00bb style=\u00bbvc_box_rounded\u00bb onclick=\u00bbcustom_link\u00bb img_link_target=\u00bb_blank\u00bb css_animation=\u00bbfadeIn\u00bb css=\u00bb\u00bb link=\u00bbhttps:\/\/toolhub.es\/pdf\/catalogo2025\/2025toolhub-calados.pdf\u00bb][\/vc_column_inner][vc_column_inner width=\u00bb1\/4&#8243;][vc_single_image image=\u00bb27488&#8243; add_caption=\u00bbyes\u00bb alignment=\u00bbcenter\u00bb style=\u00bbvc_box_rounded\u00bb onclick=\u00bbcustom_link\u00bb img_link_target=\u00bb_blank\u00bb css_animation=\u00bbfadeIn\u00bb css=\u00bb\u00bb link=\u00bbhttps:\/\/toolhub.es\/pdf\/catalogo2025\/2025toolhub-vehivulo-industrial.pdf\u00bb][\/vc_column_inner][\/vc_row_inner][vc_row_inner][vc_column_inner width=\u00bb1\/2&#8243;][\/vc_column_inner][vc_column_inner width=\u00bb1\/2&#8243;][\/vc_column_inner][\/vc_row_inner][\/vc_column][\/vc_row][vc_row][vc_column]\r\n\t<div class=\"bauer-spacer clearfix\" data-desktop=\"50\" data-mobi=\"30\" data-smobi=\"30\"><\/div>[\/vc_column][\/vc_row]<\/p>\n<\/div>","protected":false},"excerpt":{"rendered":"<p>[vc_row css=\u00bb.vc_custom_1558595409249{background-image: url(http:\/\/ninzio.com\/bauer\/wp-content\/uploads\/2019\/05\/section-bg1-1.png?id=7977) !important;background-position: center !important;background-repeat: no-repeat !important;background-size: cover !important;}\u00bb el_id=\u00bbfirst-row\u00bb][vc_column width=\u00bb1\/6&#8243;][\/vc_column][vc_column width=\u00bb2\/3&#8243;][vc_row_inner][vc_column_inner offset=\u00bbvc_hidden-sm vc_hidden-xs\u00bb][\/vc_column_inner][\/vc_row_inner][vc_row_inner][vc_column_inner offset=\u00bbvc_hidden-lg vc_hidden-md\u00bb][\/vc_column_inner][\/vc_row_inner][vc_row_inner][vc_column_inner][\/vc_column_inner][\/vc_row_inner][\/vc_column][vc_column width=\u00bb1\/6&#8243;][\/vc_column][\/vc_row][vc_row][vc_column][\/vc_column][\/vc_row][vc_row][vc_column offset=\u00bbvc_hidden-lg vc_hidden-md\u00bb][vc_single_image image=\u00bb27471&#8243; css=\u00bb\u00bb][\/vc_column][\/vc_row][vc_row][vc_column width=\u00bb2\/3&#8243; offset=\u00bbvc_hidden-sm vc_hidden-xs\u00bb][vc_single_image image=\u00bb27776&#8243; add_caption=\u00bbyes\u00bb alignment=\u00bbcenter\u00bb style=\u00bbvc_box_rounded\u00bb onclick=\u00bbcustom_link\u00bb img_link_target=\u00bb_blank\u00bb css_animation=\u00bbfadeIn\u00bb css=\u00bb\u00bb link=\u00bbhttps:\/\/toolhub.es\/pdf\/2025\/toolhub-catalogo-2025.pdf\u00bb][\/vc_column][vc_column width=\u00bb1\/3&#8243;][vc_single_image image=\u00bb27818&#8243; add_caption=\u00bbyes\u00bb alignment=\u00bbcenter\u00bb style=\u00bbvc_box_rounded\u00bb onclick=\u00bbcustom_link\u00bb img_link_target=\u00bb_blank\u00bb css_animation=\u00bbfadeIn\u00bb css=\u00bb\u00bb link=\u00bbhttps:\/\/toolhub.es\/pdf\/2026\/Talleres%202026.pdf\u00bb][\/vc_column][\/vc_row][vc_row][vc_column][vc_row_inner][vc_column_inner width=\u00bb1\/4&#8243;][vc_single_image image=\u00bb27489&#8243; add_caption=\u00bbyes\u00bb alignment=\u00bbcenter\u00bb style=\u00bbvc_box_rounded\u00bb onclick=\u00bbcustom_link\u00bb<\/p>\n","protected":false},"author":1,"featured_media":0,"parent":0,"menu_order":0,"comment_status":"closed","ping_status":"closed","template":"","meta":{"footnotes":""},"acf":[],"aioseo_notices":[],"_links":{"self":[{"href":"https:\/\/toolhub.es\/es\/wp-json\/wp\/v2\/pages\/27412"}],"collection":[{"href":"https:\/\/toolhub.es\/es\/wp-json\/wp\/v2\/pages"}],"about":[{"href":"https:\/\/toolhub.es\/es\/wp-json\/wp\/v2\/types\/page"}],"author":[{"embeddable":true,"href":"https:\/\/toolhub.es\/es\/wp-json\/wp\/v2\/users\/1"}],"replies":[{"embeddable":true,"href":"https:\/\/toolhub.es\/es\/wp-json\/wp\/v2\/comments?post=27412"}],"version-history":[{"count":10,"href":"https:\/\/toolhub.es\/es\/wp-json\/wp\/v2\/pages\/27412\/revisions"}],"predecessor-version":[{"id":27819,"href":"https:\/\/toolhub.es\/es\/wp-json\/wp\/v2\/pages\/27412\/revisions\/27819"}],"wp:attachment":[{"href":"https:\/\/toolhub.es\/es\/wp-json\/wp\/v2\/media?parent=27412"}],"curies":[{"name":"wp","href":"https:\/\/api.w.org\/{rel}","templated":true}]}}