{"id":9670,"date":"2019-11-08T10:53:22","date_gmt":"2019-11-08T09:53:22","guid":{"rendered":"https:\/\/toolhub.es\/?page_id=9670"},"modified":"2024-12-26T11:54:55","modified_gmt":"2024-12-26T11:54:55","slug":"terminos-y-condiciones","status":"publish","type":"page","link":"https:\/\/toolhub.es\/es\/terminos-y-condiciones\/","title":{"rendered":"Terminos y Condiciones"},"content":{"rendered":"<div class=\"wpb-content-wrapper\"><p>[vc_row][vc_column][vc_column_text]Las presentes Condiciones Generales de Uso, Pol\u00edtica de Privacidad y Venta (en adelante, las \u00abCondiciones Generales\u00bb) regulan el uso del sitio web www.toolhub.es (en adelante, el Sitio Web) que Toolrack S.L (en adelante \u00abToolhub\u00ae\u00bb), pone a disposici\u00f3n de las personas que accedan a su Sitio Web con el fin de proporcionales informaci\u00f3n sobre productos y servicios, propios y\/o de terceros colaboradores, y facilitarles el acceso a los mismos, as\u00ed como la contrataci\u00f3n de servicios y bienes por medio de la misma (todo ello denominado conjuntamente los \u00abServicios\u00bb).<\/p>\n<p>Toolhub\u00ae, es una sociedad de responsabilidad limitada espa\u00f1ola titular del presente Sitio Web cuya utilizaci\u00f3n se regula mediante este documento, con CIF n\u00famero B92199793 e inscrita en el Registro Mercantil de Malaga. Para contactar con Toolhub\u00ae, puede utilizar la direcci\u00f3n de correo postal arriba indicada, as\u00ed como la direcci\u00f3n de correo electr\u00f3nica <a href=\"mailto:info@toolhub.es\">info@toolhub.es<\/a>.<br \/>\nPor la propia naturaleza del Sitio Web, as\u00ed como de su contenido y finalidad, la pr\u00e1ctica totalidad de la navegaci\u00f3n que se puede llevar a cabo por el mismo ha de hacerse gozando de la condici\u00f3n de Cliente, la cual se adquiere seg\u00fan los procedimientos recogidos en la misma. Por lo tanto, la citada condici\u00f3n de Cliente supone la adhesi\u00f3n a las Condiciones Generales en la versi\u00f3n publicada en el momento en que se acceda al Sitio Web. Toolhub\u00ae se reserva el derecho de modificar, en cualquier momento, la presentaci\u00f3n y configuraci\u00f3n del Sitio Web, as\u00ed como las presentes Condiciones Generales. Por ello, Toolhub\u00ae recomienda al Cliente leer el mismo atentamente cada vez que acceda al Sitio Web.<\/p>\n<p>En cualquier caso, existen p\u00e1ginas del Sitio Web accesibles al p\u00fablico en general, respecto a las cuales Toolhub\u00ae tambi\u00e9n desea cumplir con sus obligaciones legales, as\u00ed como regular el uso de las mismas. En este sentido, los usuarios que accedan a estas partes del Sitio Web aceptan quedar sometidos, por el hecho de acceder a las citadas p\u00e1ginas, por los t\u00e9rminos y condiciones recogidos en estas Condiciones Generales, en la medida que ello les pueda ser de aplicaci\u00f3n.<\/p>\n<p>Por \u00faltimo, por la naturaleza propia del presente Sitio Web, es posible que se modifiquen o incluyan cambios en el contenido de las presentes Condiciones Generales. Por esto, el Cliente, as\u00ed como otros usuarios que no gocen de esta condici\u00f3n, quedan obligados a acceder a las presente Condiciones Generales cada vez que accedan al Sitio Web, asumiendo que les ser\u00e1n de aplicaci\u00f3n las condiciones correspondientes que se encuentren vigentes en el momento de su acceso.<br \/>\n[\/vc_column_text][\/vc_column][\/vc_row]<\/p>\n<\/div>","protected":false},"excerpt":{"rendered":"<p>[vc_row][vc_column][vc_column_text]Las presentes Condiciones Generales de Uso, Pol\u00edtica de Privacidad y Venta (en adelante, las \u00abCondiciones Generales\u00bb) regulan el uso del sitio web www.toolhub.es (en adelante, el Sitio Web) que Toolrack S.L (en adelante \u00abToolhub\u00ae\u00bb), pone a disposici\u00f3n de las personas que accedan a su Sitio Web con el fin de<\/p>\n","protected":false},"author":2,"featured_media":0,"parent":0,"menu_order":0,"comment_status":"closed","ping_status":"open","template":"","meta":{"footnotes":""},"acf":[],"aioseo_notices":[],"_links":{"self":[{"href":"https:\/\/toolhub.es\/es\/wp-json\/wp\/v2\/pages\/9670"}],"collection":[{"href":"https:\/\/toolhub.es\/es\/wp-json\/wp\/v2\/pages"}],"about":[{"href":"https:\/\/toolhub.es\/es\/wp-json\/wp\/v2\/types\/page"}],"author":[{"embeddable":true,"href":"https:\/\/toolhub.es\/es\/wp-json\/wp\/v2\/users\/2"}],"replies":[{"embeddable":true,"href":"https:\/\/toolhub.es\/es\/wp-json\/wp\/v2\/comments?post=9670"}],"version-history":[{"count":0,"href":"https:\/\/toolhub.es\/es\/wp-json\/wp\/v2\/pages\/9670\/revisions"}],"wp:attachment":[{"href":"https:\/\/toolhub.es\/es\/wp-json\/wp\/v2\/media?parent=9670"}],"curies":[{"name":"wp","href":"https:\/\/api.w.org\/{rel}","templated":true}]}}