{"id":20551,"date":"2023-03-21T09:12:41","date_gmt":"2023-03-21T09:12:41","guid":{"rendered":"https:\/\/toolhub.es\/producto\/sangrador-de-frenos-y-embragues\/"},"modified":"2024-12-26T12:13:18","modified_gmt":"2024-12-26T12:13:18","slug":"sangrador-de-frenos-y-embragues","status":"publish","type":"product","link":"https:\/\/toolhub.es\/es\/producto\/sangrador-de-frenos-y-embragues\/","title":{"rendered":"SANGRADOR DE FRENOS Y EMBRAGUES"},"content":{"rendered":"","protected":false},"excerpt":{"rendered":"<p>Utiliza el aire suministrado por el neum\u00e1tico del coche. V\u00e1lvula para controlar la presi\u00f3n del aire. Tubo extralargo para veh\u00edculos grandes y base magn\u00e9tica para evitar derrames.<br \/>\nSe puede utilizar con sistema ABS.<\/p>\n[supsystic-tables id=412]\n","protected":false},"featured_media":19248,"template":"","meta":[],"product_cat":[274],"product_tag":[],"acf":[],"aioseo_notices":[],"_links":{"self":[{"href":"https:\/\/toolhub.es\/es\/wp-json\/wp\/v2\/product\/20551"}],"collection":[{"href":"https:\/\/toolhub.es\/es\/wp-json\/wp\/v2\/product"}],"about":[{"href":"https:\/\/toolhub.es\/es\/wp-json\/wp\/v2\/types\/product"}],"wp:featuredmedia":[{"embeddable":true,"href":"https:\/\/toolhub.es\/es\/wp-json\/wp\/v2\/media\/19248"}],"wp:attachment":[{"href":"https:\/\/toolhub.es\/es\/wp-json\/wp\/v2\/media?parent=20551"}],"wp:term":[{"taxonomy":"product_cat","embeddable":true,"href":"https:\/\/toolhub.es\/es\/wp-json\/wp\/v2\/product_cat?post=20551"},{"taxonomy":"product_tag","embeddable":true,"href":"https:\/\/toolhub.es\/es\/wp-json\/wp\/v2\/product_tag?post=20551"}],"curies":[{"name":"wp","href":"https:\/\/api.w.org\/{rel}","templated":true}]}}