{"id":20615,"date":"2023-03-21T09:13:32","date_gmt":"2023-03-21T09:13:32","guid":{"rendered":"https:\/\/toolhub.es\/producto\/compresor-de-muelles-de-amortiguadores-de-horquilla-trasera\/"},"modified":"2024-12-26T09:28:07","modified_gmt":"2024-12-26T09:28:07","slug":"compresor-de-muelles-de-amortiguadores-de-horquilla-trasera","status":"publish","type":"product","link":"https:\/\/toolhub.es\/es\/producto\/compresor-de-muelles-de-amortiguadores-de-horquilla-trasera\/","title":{"rendered":"COMPRESOR DE MUELLES DE AMORTIGUADORES DE HORQUILLA TRASERA"},"content":{"rendered":"","protected":false},"excerpt":{"rendered":"<p>Este nuevo compresor, con enganche de tres puntos y perfil antigiratorio, permite la posibilidad de reemplazar r\u00e1pida y f\u00e1cilmente los muelles de las suspensiones triangulares y de multibrazos, sin tener que desmontar el eje.<br \/>\nPermite un alto nivel de seguridad y un ahorro de tiempo de mano de obra.<br \/>\nEje de compresi\u00f3n especial con un di\u00e1metro de tan solo 29mm, para veh\u00edculos con un punto de acceso en el brazo de 30mm.<\/p>\n[supsystic-tables id=441]\n","protected":false},"featured_media":25131,"template":"","meta":[],"product_cat":[275],"product_tag":[],"acf":[],"aioseo_notices":[],"_links":{"self":[{"href":"https:\/\/toolhub.es\/es\/wp-json\/wp\/v2\/product\/20615"}],"collection":[{"href":"https:\/\/toolhub.es\/es\/wp-json\/wp\/v2\/product"}],"about":[{"href":"https:\/\/toolhub.es\/es\/wp-json\/wp\/v2\/types\/product"}],"wp:featuredmedia":[{"embeddable":true,"href":"https:\/\/toolhub.es\/es\/wp-json\/wp\/v2\/media\/25131"}],"wp:attachment":[{"href":"https:\/\/toolhub.es\/es\/wp-json\/wp\/v2\/media?parent=20615"}],"wp:term":[{"taxonomy":"product_cat","embeddable":true,"href":"https:\/\/toolhub.es\/es\/wp-json\/wp\/v2\/product_cat?post=20615"},{"taxonomy":"product_tag","embeddable":true,"href":"https:\/\/toolhub.es\/es\/wp-json\/wp\/v2\/product_tag?post=20615"}],"curies":[{"name":"wp","href":"https:\/\/api.w.org\/{rel}","templated":true}]}}