{"id":20634,"date":"2023-03-21T09:14:02","date_gmt":"2023-03-21T09:14:02","guid":{"rendered":"https:\/\/toolhub.es\/producto\/conjunto-de-reglaje-motores-vag-1-0-1-2-1-4-1-6l\/"},"modified":"2024-12-26T09:28:34","modified_gmt":"2024-12-26T09:28:34","slug":"conjunto-de-reglaje-motores-vag-1-0-1-2-1-4-1-6l","status":"publish","type":"product","link":"https:\/\/toolhub.es\/es\/producto\/conjunto-de-reglaje-motores-vag-1-0-1-2-1-4-1-6l\/","title":{"rendered":"CONJUNTO DE REGLAJE MOTORES VAG 1.0 &#8211; 1.2 &#8211; 1.4 &#8211; 1.6L"},"content":{"rendered":"","protected":false},"excerpt":{"rendered":"<p>Conjunto de herramientas que cubre una amplia gama de la \u00faltima generaci\u00f3n de motores gasolina 1.0, 1.2, 1.4 y 1.6 del Grupo VAG.<\/p>\n[supsystic-tables id=452]\n[supsystic-tables id=453]\n<p>Es necesario usar una llave para sujetar la polea del cig\u00fce\u00f1al para aflojar y apretar el tornillo de la polea del cig\u00fce\u00f1al.<\/p>\n","protected":false},"featured_media":25153,"template":"","meta":[],"product_cat":[278],"product_tag":[],"acf":[],"aioseo_notices":[],"_links":{"self":[{"href":"https:\/\/toolhub.es\/es\/wp-json\/wp\/v2\/product\/20634"}],"collection":[{"href":"https:\/\/toolhub.es\/es\/wp-json\/wp\/v2\/product"}],"about":[{"href":"https:\/\/toolhub.es\/es\/wp-json\/wp\/v2\/types\/product"}],"wp:featuredmedia":[{"embeddable":true,"href":"https:\/\/toolhub.es\/es\/wp-json\/wp\/v2\/media\/25153"}],"wp:attachment":[{"href":"https:\/\/toolhub.es\/es\/wp-json\/wp\/v2\/media?parent=20634"}],"wp:term":[{"taxonomy":"product_cat","embeddable":true,"href":"https:\/\/toolhub.es\/es\/wp-json\/wp\/v2\/product_cat?post=20634"},{"taxonomy":"product_tag","embeddable":true,"href":"https:\/\/toolhub.es\/es\/wp-json\/wp\/v2\/product_tag?post=20634"}],"curies":[{"name":"wp","href":"https:\/\/api.w.org\/{rel}","templated":true}]}}