{"id":20811,"date":"2023-03-21T09:16:59","date_gmt":"2023-03-21T09:16:59","guid":{"rendered":"https:\/\/toolhub.es\/producto\/bandeja-de-drenaje-de-15-l\/"},"modified":"2024-12-26T09:33:46","modified_gmt":"2024-12-26T09:33:46","slug":"bandeja-de-drenaje-de-15-l","status":"publish","type":"product","link":"https:\/\/toolhub.es\/es\/producto\/bandeja-de-drenaje-de-15-l\/","title":{"rendered":"BANDEJA DE DRENAJE DE 15 L"},"content":{"rendered":"","protected":false},"excerpt":{"rendered":"<p>Bandeja de drenaje con orificio de drenaje de aceite, bandeja de drenaje para motocicletas de taller.<br \/>\nSuministrado con tap\u00f3n de drenaje y tap\u00f3n de liberaci\u00f3n de aire para un r\u00e1pido vaciado de aceite<br \/>\n[supsystic-tables id=318]<\/p>\n","protected":false},"featured_media":25338,"template":"","meta":[],"product_cat":[283],"product_tag":[],"acf":[],"aioseo_notices":[],"_links":{"self":[{"href":"https:\/\/toolhub.es\/es\/wp-json\/wp\/v2\/product\/20811"}],"collection":[{"href":"https:\/\/toolhub.es\/es\/wp-json\/wp\/v2\/product"}],"about":[{"href":"https:\/\/toolhub.es\/es\/wp-json\/wp\/v2\/types\/product"}],"wp:featuredmedia":[{"embeddable":true,"href":"https:\/\/toolhub.es\/es\/wp-json\/wp\/v2\/media\/25338"}],"wp:attachment":[{"href":"https:\/\/toolhub.es\/es\/wp-json\/wp\/v2\/media?parent=20811"}],"wp:term":[{"taxonomy":"product_cat","embeddable":true,"href":"https:\/\/toolhub.es\/es\/wp-json\/wp\/v2\/product_cat?post=20811"},{"taxonomy":"product_tag","embeddable":true,"href":"https:\/\/toolhub.es\/es\/wp-json\/wp\/v2\/product_tag?post=20811"}],"curies":[{"name":"wp","href":"https:\/\/api.w.org\/{rel}","templated":true}]}}