{"id":20995,"date":"2023-03-21T09:20:09","date_gmt":"2023-03-21T09:20:09","guid":{"rendered":"https:\/\/toolhub.es\/producto\/adapatador-atf-toyota-lexus\/"},"modified":"2024-12-26T09:38:24","modified_gmt":"2024-12-26T09:38:24","slug":"adapatador-atf-toyota-lexus","status":"publish","type":"product","link":"https:\/\/toolhub.es\/es\/producto\/adapatador-atf-toyota-lexus\/","title":{"rendered":"ADAPATADOR ATF TOYOTA LEXUS"},"content":{"rendered":"","protected":false},"excerpt":{"rendered":"<p><strong>Descripci\u00f3n:<\/strong><\/p>\n<ul>\n<li>Adaptador de l\u00edquido de la transmisi\u00f3n autom\u00e1tica flexible para una amplia variedad de veh\u00edculos Toyota y Lexus.<\/li>\n<li>Tama\u00f1o de rosca M18x1.5 mm<\/li>\n<li>Compatible con bomba  ToolHub 9122<\/li>\n<\/ul>\n","protected":false},"featured_media":25524,"template":"","meta":[],"product_cat":[259],"product_tag":[],"acf":[],"aioseo_notices":[],"_links":{"self":[{"href":"https:\/\/toolhub.es\/es\/wp-json\/wp\/v2\/product\/20995"}],"collection":[{"href":"https:\/\/toolhub.es\/es\/wp-json\/wp\/v2\/product"}],"about":[{"href":"https:\/\/toolhub.es\/es\/wp-json\/wp\/v2\/types\/product"}],"wp:featuredmedia":[{"embeddable":true,"href":"https:\/\/toolhub.es\/es\/wp-json\/wp\/v2\/media\/25524"}],"wp:attachment":[{"href":"https:\/\/toolhub.es\/es\/wp-json\/wp\/v2\/media?parent=20995"}],"wp:term":[{"taxonomy":"product_cat","embeddable":true,"href":"https:\/\/toolhub.es\/es\/wp-json\/wp\/v2\/product_cat?post=20995"},{"taxonomy":"product_tag","embeddable":true,"href":"https:\/\/toolhub.es\/es\/wp-json\/wp\/v2\/product_tag?post=20995"}],"curies":[{"name":"wp","href":"https:\/\/api.w.org\/{rel}","templated":true}]}}