{"id":21002,"date":"2023-03-21T09:20:09","date_gmt":"2023-03-21T09:20:09","guid":{"rendered":"https:\/\/toolhub.es\/producto\/util-para-eje-equilibrador-ciguenal-bmw-n47-n47s\/"},"modified":"2024-12-26T09:38:30","modified_gmt":"2024-12-26T09:38:30","slug":"util-para-eje-equilibrador-ciguenal-bmw-n47-n47s","status":"publish","type":"product","link":"https:\/\/toolhub.es\/es\/producto\/util-para-eje-equilibrador-ciguenal-bmw-n47-n47s\/","title":{"rendered":"?TIL PARA EJE EQUILIBRADOR \/ CIG?E?AL &#8211; BMW N47 \/ N47S"},"content":{"rendered":"","protected":false},"excerpt":{"rendered":"<p><strong>Descripci\u00f3n:<\/strong><\/p>\n<p>Especialmente dise\u00f1ado para cronometrar y bloquear la manivela y el eje del equilibrador al reemplazar la cadena de distribuci\u00f3n. (BMW N47 \/ N47S 2.0 de doble \u00e1rbol de levas di\u00e9sel de transmisi\u00f3n por cadena motores, instalados en la Serie 1, Serie 3, Serie 5 y X3)<\/p>\n<p>La herramienta especial G solo se puede acoplar a la bomba de refrigerante en el c\u00e1rter con un perno.<br \/>\nEl cig\u00fce\u00f1al debe fijarse en la posici\u00f3n de PMS del cilindro G para ajustar la ejes de contrapeso.<\/p>\n<p><strong>Aplicaciones<\/strong><br \/>\nBMW: 1 Series, 118d(E81\/E82\/E87\/E88\/F20\/F21), 120d (E81\/E82\/E87\/E88\/F20\/F21), 123d (E81\/E82\/E87\/E88). 125d (F20\/F21) 3 Series, 318d, (E90\/E91\/F30\/F31\/F34), 320d (E90\/E91\/E92\/E93\/F30\/F31\/F4). 5Series, 520d (E60\/E61\/F07\/F10\/F11). X3, 1.8d, 2.0d (E83).<\/p>\n<p><strong>C\u00f3digo de motor:<\/strong><br \/>\nN47,N47S.<\/p>\n<p><strong>OEM Ref:<\/strong><br \/>\n118750, 118790<\/p>\n","protected":false},"featured_media":25530,"template":"","meta":[],"product_cat":[278],"product_tag":[],"acf":[],"aioseo_notices":[],"_links":{"self":[{"href":"https:\/\/toolhub.es\/es\/wp-json\/wp\/v2\/product\/21002"}],"collection":[{"href":"https:\/\/toolhub.es\/es\/wp-json\/wp\/v2\/product"}],"about":[{"href":"https:\/\/toolhub.es\/es\/wp-json\/wp\/v2\/types\/product"}],"wp:featuredmedia":[{"embeddable":true,"href":"https:\/\/toolhub.es\/es\/wp-json\/wp\/v2\/media\/25530"}],"wp:attachment":[{"href":"https:\/\/toolhub.es\/es\/wp-json\/wp\/v2\/media?parent=21002"}],"wp:term":[{"taxonomy":"product_cat","embeddable":true,"href":"https:\/\/toolhub.es\/es\/wp-json\/wp\/v2\/product_cat?post=21002"},{"taxonomy":"product_tag","embeddable":true,"href":"https:\/\/toolhub.es\/es\/wp-json\/wp\/v2\/product_tag?post=21002"}],"curies":[{"name":"wp","href":"https:\/\/api.w.org\/{rel}","templated":true}]}}