{"id":21035,"date":"2023-03-21T09:20:48","date_gmt":"2023-03-21T09:20:48","guid":{"rendered":"https:\/\/toolhub.es\/producto\/em013-ad-adaptador-gato-de-foso\/"},"modified":"2024-12-26T09:39:10","modified_gmt":"2024-12-26T09:39:10","slug":"em013-ad-adaptador-gato-de-foso","status":"publish","type":"product","link":"https:\/\/toolhub.es\/es\/producto\/em013-ad-adaptador-gato-de-foso\/","title":{"rendered":"EM013-AD\/\/ ADAPTADOR GATO DE FOSO"},"content":{"rendered":"","protected":false},"excerpt":{"rendered":"<p><strong>Descripci\u00f3n:<\/strong><\/p>\n<ul>\n<li>Compatible con gato de foso Ref 0024<\/li>\n<li>La funci\u00f3n principal de este accesorio es fijar e inmovilizar en el gato de foso las piezas del veh\u00edculo (generalmente la transmisi\u00f3n), para permitir la manipulaci\u00f3n y el trabajo sobre las mismas.<\/li>\n<li>Adaptador compatible con gato de foso 500 kilos Ref 0024<\/li>\n<li>* <em>Para gatos de foso con una medida del v\u00e1stago de 30 mm de di\u00e1metro<\/em><\/li>\n<\/ul>\n","protected":false},"featured_media":25563,"template":"","meta":[],"product_cat":[282],"product_tag":[],"acf":[],"aioseo_notices":[],"_links":{"self":[{"href":"https:\/\/toolhub.es\/es\/wp-json\/wp\/v2\/product\/21035"}],"collection":[{"href":"https:\/\/toolhub.es\/es\/wp-json\/wp\/v2\/product"}],"about":[{"href":"https:\/\/toolhub.es\/es\/wp-json\/wp\/v2\/types\/product"}],"wp:featuredmedia":[{"embeddable":true,"href":"https:\/\/toolhub.es\/es\/wp-json\/wp\/v2\/media\/25563"}],"wp:attachment":[{"href":"https:\/\/toolhub.es\/es\/wp-json\/wp\/v2\/media?parent=21035"}],"wp:term":[{"taxonomy":"product_cat","embeddable":true,"href":"https:\/\/toolhub.es\/es\/wp-json\/wp\/v2\/product_cat?post=21035"},{"taxonomy":"product_tag","embeddable":true,"href":"https:\/\/toolhub.es\/es\/wp-json\/wp\/v2\/product_tag?post=21035"}],"curies":[{"name":"wp","href":"https:\/\/api.w.org\/{rel}","templated":true}]}}