{"id":21051,"date":"2023-03-21T09:21:06","date_gmt":"2023-03-21T09:21:06","guid":{"rendered":"https:\/\/toolhub.es\/producto\/alicates-para-reles\/"},"modified":"2024-12-26T09:39:27","modified_gmt":"2024-12-26T09:39:27","slug":"alicates-para-reles","status":"publish","type":"product","link":"https:\/\/toolhub.es\/es\/producto\/alicates-para-reles\/","title":{"rendered":"ALICATES PARA RELES"},"content":{"rendered":"","protected":false},"excerpt":{"rendered":"<p><strong>Descripci\u00f3n:<\/strong><\/p>\n<ul>\n<li>Permite la extracci\u00f3n y el montaje de rel\u00e9s en la mayor\u00eda de veh\u00edculos.<\/li>\n<li>Las puntas finas y la curva del \u00fatil proporcionan un acceso m\u00e1s f\u00e1cil que una pinza tradicional.<\/li>\n<\/ul>\n","protected":false},"featured_media":25579,"template":"","meta":[],"product_cat":[277],"product_tag":[],"acf":[],"aioseo_notices":[],"_links":{"self":[{"href":"https:\/\/toolhub.es\/es\/wp-json\/wp\/v2\/product\/21051"}],"collection":[{"href":"https:\/\/toolhub.es\/es\/wp-json\/wp\/v2\/product"}],"about":[{"href":"https:\/\/toolhub.es\/es\/wp-json\/wp\/v2\/types\/product"}],"wp:featuredmedia":[{"embeddable":true,"href":"https:\/\/toolhub.es\/es\/wp-json\/wp\/v2\/media\/25579"}],"wp:attachment":[{"href":"https:\/\/toolhub.es\/es\/wp-json\/wp\/v2\/media?parent=21051"}],"wp:term":[{"taxonomy":"product_cat","embeddable":true,"href":"https:\/\/toolhub.es\/es\/wp-json\/wp\/v2\/product_cat?post=21051"},{"taxonomy":"product_tag","embeddable":true,"href":"https:\/\/toolhub.es\/es\/wp-json\/wp\/v2\/product_tag?post=21051"}],"curies":[{"name":"wp","href":"https:\/\/api.w.org\/{rel}","templated":true}]}}