{"id":21065,"date":"2023-03-21T09:21:06","date_gmt":"2023-03-21T09:21:06","guid":{"rendered":"https:\/\/toolhub.es\/producto\/lector-de-codigo-eobd-diesel-y-gasolina\/"},"modified":"2024-12-26T09:39:46","modified_gmt":"2024-12-26T09:39:46","slug":"lector-de-codigo-eobd-diesel-y-gasolina","status":"publish","type":"product","link":"https:\/\/toolhub.es\/es\/producto\/lector-de-codigo-eobd-diesel-y-gasolina\/","title":{"rendered":"LECTOR DE CODIGO EOBD DIESEL Y GASOLINA"},"content":{"rendered":"","protected":false},"excerpt":{"rendered":"<p><strong>Descripci\u00f3n:<\/strong><br \/>\n\u0095 Funciona con veh\u00edculos 1996 y posteriores (OBD II y CAN).<br \/>\n\u0095 Recupera c\u00f3digos gen\u00e9ricos (P0, P2, P3 y U0), c\u00f3digos espec\u00edficos del fabricante (P1, P3 y U1) y<br \/>\n  c\u00f3digos pendientes.<br \/>\n\u0095 Determina con facilidad la causa de un indicador de comprobaci\u00f3n de motor (MIL).<br \/>\n\u0095 Apaga la luz de un indicador de comprobaci\u00f3n de motor (MIL), borra c\u00f3digos y restablece<br \/>\n  monitores.<br \/>\n\u0095  Muestra el estado de control y de preparaci\u00f3n I\/M (emisiones)<br \/>\n\u0095 Lee flujos de datos PCM en tiempo real<br \/>\n\u0095 Recupera informaci\u00f3n sobre el veh\u00edculo (VIN, CIN y CVN)<br \/>\n\u0095 Men\u00fa y definiciones DTC en varios idiomas.<br \/>\n\u0095 Cumple con todas las normas CE, FCC &#038; RoHS.<\/p>\n","protected":false},"featured_media":25593,"template":"","meta":[],"product_cat":[259],"product_tag":[],"acf":[],"aioseo_notices":[],"_links":{"self":[{"href":"https:\/\/toolhub.es\/es\/wp-json\/wp\/v2\/product\/21065"}],"collection":[{"href":"https:\/\/toolhub.es\/es\/wp-json\/wp\/v2\/product"}],"about":[{"href":"https:\/\/toolhub.es\/es\/wp-json\/wp\/v2\/types\/product"}],"wp:featuredmedia":[{"embeddable":true,"href":"https:\/\/toolhub.es\/es\/wp-json\/wp\/v2\/media\/25593"}],"wp:attachment":[{"href":"https:\/\/toolhub.es\/es\/wp-json\/wp\/v2\/media?parent=21065"}],"wp:term":[{"taxonomy":"product_cat","embeddable":true,"href":"https:\/\/toolhub.es\/es\/wp-json\/wp\/v2\/product_cat?post=21065"},{"taxonomy":"product_tag","embeddable":true,"href":"https:\/\/toolhub.es\/es\/wp-json\/wp\/v2\/product_tag?post=21065"}],"curies":[{"name":"wp","href":"https:\/\/api.w.org\/{rel}","templated":true}]}}