{"id":21073,"date":"2023-03-21T09:21:24","date_gmt":"2023-03-21T09:21:24","guid":{"rendered":"https:\/\/toolhub.es\/producto\/jgo-bolsas-hinchables-3-pzs\/"},"modified":"2024-12-26T09:39:56","modified_gmt":"2024-12-26T09:39:56","slug":"jgo-bolsas-hinchables-3-pzs","status":"publish","type":"product","link":"https:\/\/toolhub.es\/es\/producto\/jgo-bolsas-hinchables-3-pzs\/","title":{"rendered":"JGO BOLSAS HINCHABLES 3 PZS."},"content":{"rendered":"","protected":false},"excerpt":{"rendered":"<p><strong>Descripci\u00f3n:<\/strong><br \/>\nAdecuado para paneles de la carrocer\u00eda del veh\u00edculo antes del montaje final sin da\u00f1ar la pintura, el vidrio o el asiento, de 2 mm de espesor.<\/p>\n<p><strong>4 piezas:<\/strong> 3 bolsas de aire y  v\u00e1lvula de control de aire.<br \/>\n<strong>Capacidad:<\/strong> 100 kg.<br \/>\n<strong>Medidas de las bolsas:<\/strong> 30&#215;180, 60&#215;190, 160&#215;160 mm<\/p>\n","protected":false},"featured_media":25601,"template":"","meta":[],"product_cat":[280],"product_tag":[],"acf":[],"aioseo_notices":[],"_links":{"self":[{"href":"https:\/\/toolhub.es\/es\/wp-json\/wp\/v2\/product\/21073"}],"collection":[{"href":"https:\/\/toolhub.es\/es\/wp-json\/wp\/v2\/product"}],"about":[{"href":"https:\/\/toolhub.es\/es\/wp-json\/wp\/v2\/types\/product"}],"wp:featuredmedia":[{"embeddable":true,"href":"https:\/\/toolhub.es\/es\/wp-json\/wp\/v2\/media\/25601"}],"wp:attachment":[{"href":"https:\/\/toolhub.es\/es\/wp-json\/wp\/v2\/media?parent=21073"}],"wp:term":[{"taxonomy":"product_cat","embeddable":true,"href":"https:\/\/toolhub.es\/es\/wp-json\/wp\/v2\/product_cat?post=21073"},{"taxonomy":"product_tag","embeddable":true,"href":"https:\/\/toolhub.es\/es\/wp-json\/wp\/v2\/product_tag?post=21073"}],"curies":[{"name":"wp","href":"https:\/\/api.w.org\/{rel}","templated":true}]}}