{"id":21081,"date":"2023-03-21T09:21:24","date_gmt":"2023-03-21T09:21:24","guid":{"rendered":"https:\/\/toolhub.es\/producto\/reglaje-motores-gasolina-bmw-n62-n73\/"},"modified":"2024-12-26T12:24:44","modified_gmt":"2024-12-26T12:24:44","slug":"reglaje-motores-gasolina-bmw-n62-n73","status":"publish","type":"product","link":"https:\/\/toolhub.es\/es\/producto\/reglaje-motores-gasolina-bmw-n62-n73\/","title":{"rendered":"REGLAJE MOTORES GASOLINA BMW N62 \/ N73"},"content":{"rendered":"","protected":false},"excerpt":{"rendered":"<p><strong>Descripci\u00f3n:<\/strong><br \/>\nConjunto de herramientas para el calado de los motores sin turbo N62 V8 y N73 V12 de BMW que permite reemplazar la cadena de distribuci\u00f3n sin alterar la sincronizaci\u00f3n de las v\u00e1lvulas.<\/p>\n<p><strong>Aplicaciones<\/strong>:<br \/>\nBMW Series 5, Series 6, Series 7, X5<\/p>\n<p><strong>A\u00f1o<\/strong> Desde 2002 \u0096 2013.<\/p>\n","protected":false},"featured_media":19923,"template":"","meta":[],"product_cat":[278],"product_tag":[],"acf":[],"aioseo_notices":[],"_links":{"self":[{"href":"https:\/\/toolhub.es\/es\/wp-json\/wp\/v2\/product\/21081"}],"collection":[{"href":"https:\/\/toolhub.es\/es\/wp-json\/wp\/v2\/product"}],"about":[{"href":"https:\/\/toolhub.es\/es\/wp-json\/wp\/v2\/types\/product"}],"wp:featuredmedia":[{"embeddable":true,"href":"https:\/\/toolhub.es\/es\/wp-json\/wp\/v2\/media\/19923"}],"wp:attachment":[{"href":"https:\/\/toolhub.es\/es\/wp-json\/wp\/v2\/media?parent=21081"}],"wp:term":[{"taxonomy":"product_cat","embeddable":true,"href":"https:\/\/toolhub.es\/es\/wp-json\/wp\/v2\/product_cat?post=21081"},{"taxonomy":"product_tag","embeddable":true,"href":"https:\/\/toolhub.es\/es\/wp-json\/wp\/v2\/product_tag?post=21081"}],"curies":[{"name":"wp","href":"https:\/\/api.w.org\/{rel}","templated":true}]}}