{"id":21084,"date":"2023-03-21T09:21:24","date_gmt":"2023-03-21T09:21:24","guid":{"rendered":"https:\/\/toolhub.es\/producto\/destalonador-manual-de-neumaticos\/"},"modified":"2024-12-26T09:40:11","modified_gmt":"2024-12-26T09:40:11","slug":"destalonador-manual-de-neumaticos","status":"publish","type":"product","link":"https:\/\/toolhub.es\/es\/producto\/destalonador-manual-de-neumaticos\/","title":{"rendered":"DESTALONADOR MANUAL DE NEUMATICOS"},"content":{"rendered":"","protected":false},"excerpt":{"rendered":"<p><strong>Descripci\u00f3n:<\/strong><br \/>\nDestalonador compacto de neumaticos de construcci\u00f3n reforzada para una amplia gama de aplicaciones.<br \/>\nV\u00e1lido para neum\u00e1ticos de turismos, furgonetas, autobuses, ATV, camiones y veh\u00edculos agr\u00edcolas.<\/p>\n<p><strong>Medidas:<\/strong> 24.6 x14.0 x 10.4 cm.<br \/>\n<strong>Peso:<\/strong> 5.7 kg.<\/p>\n","protected":false},"featured_media":25613,"template":"","meta":[],"product_cat":[276],"product_tag":[],"acf":[],"aioseo_notices":[],"_links":{"self":[{"href":"https:\/\/toolhub.es\/es\/wp-json\/wp\/v2\/product\/21084"}],"collection":[{"href":"https:\/\/toolhub.es\/es\/wp-json\/wp\/v2\/product"}],"about":[{"href":"https:\/\/toolhub.es\/es\/wp-json\/wp\/v2\/types\/product"}],"wp:featuredmedia":[{"embeddable":true,"href":"https:\/\/toolhub.es\/es\/wp-json\/wp\/v2\/media\/25613"}],"wp:attachment":[{"href":"https:\/\/toolhub.es\/es\/wp-json\/wp\/v2\/media?parent=21084"}],"wp:term":[{"taxonomy":"product_cat","embeddable":true,"href":"https:\/\/toolhub.es\/es\/wp-json\/wp\/v2\/product_cat?post=21084"},{"taxonomy":"product_tag","embeddable":true,"href":"https:\/\/toolhub.es\/es\/wp-json\/wp\/v2\/product_tag?post=21084"}],"curies":[{"name":"wp","href":"https:\/\/api.w.org\/{rel}","templated":true}]}}